{"id":323,"date":"2023-01-27T14:11:44","date_gmt":"2023-01-27T13:11:44","guid":{"rendered":"https:\/\/ninagurk.de\/?page_id=323"},"modified":"2026-04-07T12:26:17","modified_gmt":"2026-04-07T11:26:17","slug":"projekte","status":"publish","type":"page","link":"https:\/\/ninagurk.de\/en\/projekte\/","title":{"rendered":"Projects"},"content":{"rendered":"<div class=\"brz-root__container brz-reset-all brz brz-root__container-page\">\n<section id=\"_kduzgztawobsrkkubvoecawdfehqighnbocp\" class=\"brz-section brz-css-1h6dejf brz-css-1f78jdd\">\n<div class=\"brz-section__content brz-section--fullWidth brz-css-11c4y34 brz-css-1q39efo\" data-brz-custom-id=\"lovzweyehbszcuebzhgduffxfgjhbjyveijn\">\n<div class=\"brz-container brz-css-102t3uv brz-css-uuuo8f\">\n<div class=\"brz-row__container brz-css-1c30207\" data-brz-custom-id=\"zuljqqkusstpefhnnzrmxqabkjzvabxaxmwr\">\n<div class=\"brz-bg\"><\/div>\n<div class=\"brz-row brz-css-e2zos4 brz-css-fsoq89\">\n<div class=\"brz-columns brz-css-ry64vk brz-css-qhm29y\" data-brz-custom-id=\"qhckqrzgunyuzrcxqbcqqbtvvnoxpitifurt\">\n<div class=\"brz-bg\">\n<div class=\"brz-bg-color\"><\/div>\n<\/div>\n<div class=\"brz-column__items brz-css-1e9418n brz-css-m8plbq\">\n<div id=\"\" class=\"brz-css-1xdj3ge brz-css-1nz8fad brz-wrapper\">\n<div class=\"brz-spacer brz-css-1y793cy brz-css-1d1o7gi\"><\/div>\n<\/div>\n<div id=\"\" class=\"brz-css-1xdj3ge brz-wrapper\">\n<div class=\"brz-rich-text brz-rich-text__custom brz-css-1pbp4ve\" data-brz-custom-id=\"zbgxcsmeepohdcgcktbyfznztezrgwupvhvq\">\n<div data-brz-translate-text=\"1\">\n<h1 class=\"brz-text-lg-center brz-fw-xs-700 brz-fw-lg-700 brz-ff-overpass brz-ls-xs-m_1 brz-ls-lg-m_1_5 brz-fs-xs-63 brz-fs-lg-75 brz-lh-lg-1_1 brz-lh-xs-1_1 brz-fss-sm-px brz-fw-sm-700 brz-ls-sm-m_1 brz-lh-sm-1_1 brz-tp-sm-empty brz-fs-sm-60 brz-css-wrF0m\" data-uniq-id=\"dgcra\" data-generated-css=\"brz-css-yvbtr\"><span class=\"brz-cp-color8\">Projects<\/span><\/h1>\n<\/div>\n<\/div>\n<\/div>\n<div class=\"brz-wrapper-clone brz-css-et9bte\">\n<div class=\"brz-d-xs-flex brz-flex-xs-wrap brz-css-1eq9zk7\" data-brz-custom-id=\"\">\n<div class=\"brz-wrapper-clone__item\" id=\"ngilqgzgrfvrwomtyzsefqwrbtgrwzmuvsiz\"><a class=\"brz-a brz-btn brz-css-1233bms brz-css-15eqw58 brz-css-ppkf7t brz-css-j6v4pf\" href=\"\/en\/kontakt\/\" target=\"_self\" rel=\"noopener\" data-brz-link-type=\"external\" data-brz-custom-id=\"ngilqgzgrfvrwomtyzsefqwrbtgrwzmuvsiz\"><span data-brz-translate-text=\"1\" class=\"brz-span brz-text__editor\">Contact<\/span><\/a><\/div>\n<\/div>\n<\/div>\n<div id=\"\" class=\"brz-css-1xdj3ge brz-css-1nz8fad brz-wrapper\">\n<div class=\"brz-spacer brz-css-1y793cy brz-css-3oxnsw\"><\/div>\n<\/div>\n<div id=\"\" class=\"brz-css-1xdj3ge brz-css-1nz8fad brz-wrapper\">\n<div class=\"brz-spacer brz-css-1y793cy brz-css-tw6gsn\"><\/div>\n<\/div>\n<\/div>\n<\/div>\n<\/div>\n<\/div>\n<\/div>\n<\/div>\n<\/section>\n<section id=\"_mnrvtjnlnbjoscfwjnwfqlylxzwwviapvrkj\" class=\"brz-section brz-css-1h6dejf brz-css-ge4zrn\">\n<div class=\"brz-section__content brz-section--boxed brz-css-11c4y34\" data-brz-custom-id=\"njouxvqbvqpwdgwcturapqulklweqwitprrz\">\n<div class=\"brz-container brz-css-102t3uv\">\n<div id=\"\" class=\"brz-css-1xdj3ge brz-css-1847ib brz-wrapper\">\n<div class=\"brz-rich-text brz-rich-text__custom brz-css-1pbp4ve\" data-brz-custom-id=\"tixwutvsedhasvapmeudxeesqhgrjdfinppc\">\n<div data-brz-translate-text=\"1\">\n<h1 class=\"brz-lh-lg-1_1 brz-ls-lg-m_1_5 brz-fw-lg-700 brz-fss-lg-px brz-fs-lg-60 brz-ft-upload brz-ff-ngysesdlvlcafpzpsiwyfajbqmkdupfekagk brz-tp-lg-empty brz-lh-sm-1_1 brz-ls-sm-m_1 brz-fw-sm-700 brz-fs-sm-60 brz-tp-sm-empty brz-fss-sm-px brz-fss-xs-px brz-fw-xs-700 brz-ls-xs-m_1 brz-lh-xs-1_1 brz-tp-xs-empty brz-fs-xs-55 brz-css-mzgWl\" data-generated-css=\"brz-css-dzcka\" data-uniq-id=\"jrdmi\"><span class=\"brz-cp-color1\">Sonder-<\/span><\/h1>\n<h1 class=\"brz-lh-lg-1_1 brz-ls-lg-m_1_5 brz-fw-lg-700 brz-fss-lg-px brz-fs-lg-60 brz-ft-upload brz-ff-ngysesdlvlcafpzpsiwyfajbqmkdupfekagk brz-tp-lg-empty brz-lh-sm-1_1 brz-ls-sm-m_1 brz-fw-sm-700 brz-fs-sm-60 brz-tp-sm-empty brz-fss-sm-px brz-fss-xs-px brz-fw-xs-700 brz-ls-xs-m_1 brz-lh-xs-1_1 brz-tp-xs-empty brz-fs-xs-55 brz-css-xPdeQ\" data-generated-css=\"brz-css-dzcka\" data-uniq-id=\"jrdmi\"><span class=\"brz-cp-color1\">ausstellung <\/span><\/h1>\n<h1 class=\"brz-lh-lg-1_1 brz-ls-lg-m_1_5 brz-fw-lg-700 brz-fss-lg-px brz-fs-lg-60 brz-ft-upload brz-ff-ngysesdlvlcafpzpsiwyfajbqmkdupfekagk brz-tp-lg-empty brz-lh-sm-1_1 brz-ls-sm-m_1 brz-fw-sm-700 brz-fs-sm-60 brz-tp-sm-empty brz-fss-sm-px brz-fss-xs-px brz-fw-xs-700 brz-ls-xs-m_1 brz-lh-xs-1_1 brz-tp-xs-empty brz-fs-xs-55 brz-css-y4mdH\" data-generated-css=\"brz-css-dzcka\" data-uniq-id=\"jrdmi\"><span class=\"brz-cp-color1\">Karen Shahverdyan<\/span><\/h1>\n<\/div>\n<\/div>\n<\/div>\n<div id=\"\" class=\"brz-css-1xdj3ge brz-css-15a2mtu brz-wrapper\">\n<div class=\"brz-rich-text brz-rich-text__custom brz-css-1pbp4ve\" data-brz-custom-id=\"qfwbrqoybodxfineawmvustekmulzwhmmvko\">\n<div data-brz-translate-text=\"1\">\n<p data-generated-css=\"brz-css-sncwf\" data-uniq-id=\"gewia\" class=\"brz-tp-lg-empty brz-ff-ngysesdlvlcafpzpsiwyfajbqmkdupfekagk brz-ft-upload brz-fs-lg-17 brz-fss-lg-px brz-fw-lg-700 brz-ls-lg-0 brz-lh-lg-1_8 brz-css-b9pNR\"><a class=\"link--external brz-cp-color1\" href=\"\/en\/unternehmensberatung\/\" data-brz-link-type=\"external\">Consulting<\/a><span class=\"brz-cp-color2\"> and <\/span><a class=\"link--external brz-cp-color1\" href=\"\/en\/coaching\/\" data-brz-link-type=\"external\">Coaching<\/a><span class=\"brz-cp-color2\"> von K\u00fcnstlern<\/span><\/p>\n<\/div>\n<\/div>\n<\/div>\n<div id=\"\" class=\"brz-css-1xdj3ge brz-wrapper\">\n<div class=\"brz-icon-text brz-css-19zz9p2\" data-brz-custom-id=\"inulkoqneetcwlsidwthjjelkrbctkxktbwz\">\n<div class=\"brz-icon__container\" data-brz-custom-id=\"hnqcsdqbzrmfenfunlrakpuvaafpaundyxih\"><span class=\"brz-icon brz-span brz-css-16725ly brz-css-1ys4jui\"><\/span><\/div>\n<div class=\"brz-text-btn\">\n<div class=\"brz-rich-text brz-rich-text__custom brz-css-1pbp4ve\" data-brz-custom-id=\"mmgjskehevcotrojkbfdpcbqlbzsqksbwndf\">\n<div data-brz-translate-text=\"1\">\n<p class=\"brz-tp-lg-paragraph brz-css-ygQJ_\" data-generated-css=\"brz-css-hnlnk\" data-uniq-id=\"hhlad\"><a class=\"link--external brz-cp-color2\" href=\"\/en\/kontakt\/\" data-brz-link-type=\"external\">Contact<\/a><\/p>\n<\/div>\n<\/div>\n<\/div>\n<\/div>\n<\/div>\n<\/div>\n<\/div>\n<\/section>\n<section id=\"_wwydfgebvzzcxltlwzzkehfnkpnmpgtrwusq\" class=\"brz-section brz-css-1h6dejf\">\n<div class=\"brz-section__content brz-section--fullWidth brz-css-11c4y34 brz-css-6u7c7s\" data-brz-custom-id=\"xyqqwpbetyftusbikftnfrkrrkqfpvrgfdav\">\n<div class=\"brz-container brz-css-102t3uv brz-css-79aqfv\">\n<div class=\"brz-row__container brz-css-1c30207\" data-brz-custom-id=\"qaoqcmtowyrjyvawvxvqccqdpdsulylljzwk\">\n<div class=\"brz-bg\"><\/div>\n<div class=\"brz-row brz-css-e2zos4 brz-css-fsoq89\">\n<div class=\"brz-columns brz-css-ry64vk brz-css-1hdxx9z\" data-brz-custom-id=\"cuatmpnpixjbvtzttinarhfcftggbmdspabk\">\n<div class=\"brz-bg\">\n<div class=\"brz-bg-color\"><\/div>\n<\/div>\n<div class=\"brz-column__items brz-css-1e9418n brz-css-1ae7t64\">\n<div id=\"\" class=\"brz-css-1xdj3ge brz-css-1nz8fad brz-wrapper\">\n<div class=\"brz-spacer brz-css-1y793cy brz-css-1nx3c60\"><\/div>\n<\/div>\n<div id=\"\" class=\"brz-css-1xdj3ge brz-css-1l7lsw6 brz-wrapper\">\n<div class=\"brz-rich-text brz-rich-text__custom brz-css-1pbp4ve\" data-brz-custom-id=\"keksjpngvzyicyasebfxbwfdnvagyquyzfex\">\n<div data-brz-translate-text=\"1\">\n<p class=\"brz-fs-xs-50 brz-tp-xs-empty brz-lh-xs-1_1 brz-ls-xs-m_1 brz-fw-xs-700 brz-fss-xs-px brz-lh-lg-1_1 brz-ls-lg-m_1_5 brz-fw-lg-700 brz-fss-lg-px brz-fs-lg-60 brz-ft-upload brz-ff-ngysesdlvlcafpzpsiwyfajbqmkdupfekagk brz-tp-lg-empty brz-lh-sm-1_1 brz-ls-sm-m_1 brz-fw-sm-700 brz-fs-sm-60 brz-tp-sm-empty brz-fss-sm-px brz-mb-lg-26 brz-css-gIZHT\" data-generated-css=\"brz-css-vbzio\" data-uniq-id=\"yzwla\"><span class=\"brz-cp-color1\">Die Pupille der Kunst<\/span><\/p>\n<\/div>\n<\/div>\n<\/div>\n<div id=\"\" class=\"brz-css-1xdj3ge brz-css-1hw57ry brz-wrapper\">\n<div class=\"brz-rich-text brz-rich-text__custom brz-css-1pbp4ve\" data-brz-custom-id=\"onoyqnsvczdtliphleysbipzqemerhgjzhmy\">\n<div data-brz-translate-text=\"1\">\n<p class=\"brz-ff-ngysesdlvlcafpzpsiwyfajbqmkdupfekagk brz-ft-upload brz-fs-lg-17 brz-fss-lg-px brz-fw-lg-700 brz-ls-lg-0 brz-lh-lg-1_8 brz-tp-lg-paragraph brz-text-lg-justify brz-mb-lg-26 brz-css-iGB03\" data-generated-css=\"brz-css-fqyez\" data-uniq-id=\"birpu\">Am 12.02.23 haben zwei Unternehmerinnen Nina Gurk und Salomea Rathmann ein besonderes Kunstevent f\u00fcr die Frankfurter Kunstkenner und Liebhaber im Museum Stangenberg Merck gesponsert. W\u00e4hrend des Sektempfangs konnten G\u00e4ste bei der Kunstf\u00fchrung von Herrn Dr. Roland Held tiefe Einblicke in die Malerei und Kreativit\u00e4t von Heidi Stangenberg Merck und Karen Shahverdyan gewinnen.<\/p>\n<\/div>\n<\/div>\n<\/div>\n<div id=\"\" class=\"brz-css-1xdj3ge brz-css-1f0s4y3 brz-wrapper\">\n<div class=\"brz-rich-text brz-rich-text__custom brz-css-1pbp4ve\" data-brz-custom-id=\"sufexlvqjcfnbwfffwnilbcdtlqagutbusdk\">\n<div data-brz-translate-text=\"1\">\n<p class=\"brz-tp-lg-paragraph brz-text-lg-justify brz-lh-lg-1_8 brz-ls-lg-0 brz-fw-lg-700 brz-fss-lg-px brz-fs-lg-17 brz-ft-upload brz-ff-ngysesdlvlcafpzpsiwyfajbqmkdupfekagk brz-css-cKxhv\" data-uniq-id=\"tNStP\" data-generated-css=\"brz-css-oQhNJ\"><span class=\"brz-cp-color2\">Im 2010 in Seeheim-Jugenheim er\u00f6ffneten Museum Stangenberg Merck, reizvoll in einer Jugendstil-Villa oberhalb des Bergstra\u00dfen-St\u00e4dtchens beheimatet, finden Wechselausstellungen zeitgen\u00f6ssischer Kunst statt. Noch das ganze Jahr 2023 \u00fcber sind dort Bilder des deutsch-armenischen Malers Karen Shahverdyan zu sehen, die in altmeisterlich-akribischer Technik verbl\u00fcffende Szenen entwerfen, wo Realit\u00e4t und Irrealit\u00e4t nahtlos ineinander \u00fcbergehen. Intensiv zum Schauen, Staunen und Deuten verlockende Bildideen werden \u00fcber mehrere Stationen hinweg ausgelotet. Das Rundbild \u201eSamsara\u201c etwa entfaltet einen magischen Sog, als blicke man direkt in die Pupille eines \u00fcberdimensionalen Auges. <\/span><\/p>\n<\/div>\n<\/div>\n<\/div>\n<div id=\"\" class=\"brz-css-1xdj3ge brz-css-1nz8fad brz-wrapper\">\n<div class=\"brz-spacer brz-css-1y793cy brz-css-1jis68q\"><\/div>\n<\/div>\n<div id=\"\" class=\"brz-css-1xdj3ge brz-css-1uxw6bu brz-wrapper\">\n<div class=\"brz-image brz-css-1f1o3rd\" data-brz-custom-id=\"twdgzmzyserchfinedeawvekcqrslsomptxt\"><a class=\"brz-a\" href=\"https:\/\/www.aleph-artgallery.com\/\" target=\"_blank\" rel=\"noopener\" data-brz-link-type=\"external\"><source srcset=\"https:\/\/ninagurk.de\/wp-content\/uploads\/brizy\/imgs\/Aleph-Art-Gallery-240w-331x105x0x0x331x105x1731980583.webp 1x, https:\/\/ninagurk.de\/wp-content\/uploads\/brizy\/imgs\/Aleph-Art-Gallery-240w-662x210x0x0x662x210x1731980583.webp 2x\" media=\"(min-width: 992px)\"><source srcset=\"https:\/\/ninagurk.de\/wp-content\/uploads\/brizy\/imgs\/Aleph-Art-Gallery-240w-244x77x0x0x244x77x1731980583.webp 1x, https:\/\/ninagurk.de\/wp-content\/uploads\/brizy\/imgs\/Aleph-Art-Gallery-240w-488x154x0x0x488x154x1731980583.webp 2x\" media=\"(min-width: 768px)\"><img decoding=\"async\" class=\"brz-img\" src=\"https:\/\/ninagurk.de\/wp-content\/uploads\/brizy\/imgs\/Aleph-Art-Gallery-240w-331x105x0x0x331x105x1731980583.webp\" alt=\"\" loading=\"lazy\"><\/a><\/div>\n<\/div>\n<\/div>\n<\/div>\n<div class=\"brz-columns brz-css-ry64vk brz-css-7riubg\" data-brz-custom-id=\"olhxwmsqniafffhgzbfjyzxpfmmysecfujdk\">\n<div class=\"brz-bg\">\n<div class=\"brz-bg-image\"><\/div>\n<div class=\"brz-bg-color\"><\/div>\n<\/div>\n<div class=\"brz-column__items brz-css-1e9418n brz-css-1shdts4\">\n<div id=\"\" class=\"brz-css-1xdj3ge brz-wrapper\">\n<div class=\"brz-video brz-custom-video brz-video-on-controls-hidden brz-css-acrp2z brz-css-14jcw8s\" data-brz-custom-id=\"uwvuydinelppgqzkcpofzbmcvibsajyoumoy\">\n<div class=\"brz-video-content\" data-loop=\"false\" data-muted=\"false\" data-autoplay=\"off\">\n<div class=\"video-wrapper brz-image-fix-16-9\">\n<div class=\"brz-video__cover\">\n<div class=\"brz-video__cover-icon\"><span class=\"brz-span\"><\/span><\/div>\n<\/div>\n<\/div>\n<div class=\"brz-video-elem\">\n<div class=\"brz-video-custom-video-controls\">\n<div class=\"brz-video-custom-play-pause-btn\"><\/div>\n<div class=\"brz-video-custom-controls\"><span class=\"brz-video-custom-current-time\">0:00<\/span><\/p>\n<div class=\"brz-video-custom-slider\">\n<div class=\"brz-video-custom-progress\"><\/div>\n<\/div>\n<p><span class=\"brz-video-custom-total-time\">0:00<\/span><\/div>\n<div class=\"brz-video-custom-volume\">\n<div class=\"brz-video-custom-fullscreen-btn\"><\/div>\n<div class=\"brz-video-custom-volume-btn\"><\/div>\n<div class=\"brz-video-custom-volume-controls brz-video-custom-slider\">\n<div class=\"brz-video-custom-progress\"><\/div>\n<\/div>\n<\/div>\n<\/div>\n<p><video data-time-start=\"0\" data-time-end=\"0\" class=\"brz-hidden intrinsic-ignore\" preload=\"none\" data-autoplay=\"off\" src=\"https:\/\/ninagurk.de\/wp-content\/uploads\/2023\/10\/BXAQ1FRORDquYniSwl6f_WhatsAppVideo2023-02-20at16.19.35-v.mp4\" playsinline=\"\"><\/video><\/div>\n<\/div>\n<\/div>\n<\/div>\n<\/div>\n<\/div>\n<\/div>\n<\/div>\n<\/div>\n<\/div>\n<\/section>\n<section id=\"_dpnaobtqfisejjhfzdrplyocvlxwtiitefid\" class=\"brz-section brz-css-1h6dejf\">\n<div class=\"brz-section__content brz-section--fullWidth brz-css-11c4y34 brz-css-1rzcjsn\" data-brz-custom-id=\"yposllqxbedvnkssiqbxfgodozmksuhswtxe\">\n<div class=\"brz-container brz-css-102t3uv brz-css-c4ldps\">\n<div class=\"brz-row__container brz-css-1c30207\" data-brz-custom-id=\"soppppzskhueucjgftjraeqwlepwdxzvxtxa\">\n<div class=\"brz-bg\"><\/div>\n<div class=\"brz-row brz-css-e2zos4 brz-css-fsoq89\">\n<div class=\"brz-columns brz-css-ry64vk brz-css-1tetijo\" data-brz-custom-id=\"liuecoqygbitgbwpkucbaoyoqsfhzqrpsxff\">\n<div class=\"brz-bg\">\n<div class=\"brz-bg-color\"><\/div>\n<\/div>\n<div class=\"brz-column__items brz-css-1e9418n brz-css-1pm3elp\">\n<div id=\"\" class=\"brz-css-1xdj3ge brz-css-1nz8fad brz-wrapper\">\n<div class=\"brz-spacer brz-css-1y793cy brz-css-bg8hjk\"><\/div>\n<\/div>\n<div id=\"\" class=\"brz-css-1xdj3ge brz-css-426lko brz-wrapper\">\n<div class=\"brz-rich-text brz-rich-text__custom brz-css-1pbp4ve\" data-brz-custom-id=\"njcpjyxwtbgrgshvelueyhvkzeymupuzoygi\">\n<div data-brz-translate-text=\"1\">\n<p class=\"brz-mb-lg-26 brz-fss-sm-px brz-tp-sm-empty brz-fs-sm-60 brz-fw-sm-700 brz-ls-sm-m_1 brz-lh-sm-1_1 brz-tp-lg-empty brz-ff-ngysesdlvlcafpzpsiwyfajbqmkdupfekagk brz-ft-upload brz-fs-lg-60 brz-fss-lg-px brz-fw-lg-700 brz-ls-lg-m_1_5 brz-lh-lg-1_1 brz-fss-xs-px brz-fw-xs-700 brz-ls-xs-m_1 brz-lh-xs-1_1 brz-tp-xs-empty brz-fs-xs-50 brz-css-ooS34\" data-uniq-id=\"zjhtj\" data-generated-css=\"brz-css-yaveg\"><span class=\"brz-cp-color1\">Bericht im Top Magazin Frankfurt<\/span><\/p>\n<\/div>\n<\/div>\n<\/div>\n<div id=\"\" class=\"brz-css-1xdj3ge brz-css-tasg37 brz-wrapper\">\n<div class=\"brz-rich-text brz-rich-text__custom brz-css-1pbp4ve\" data-brz-custom-id=\"nxzkgdfimropdwymjutlvtexvqyemajepcff\">\n<div data-brz-translate-text=\"1\">\n<p class=\"brz-ff-ngysesdlvlcafpzpsiwyfajbqmkdupfekagk brz-ft-upload brz-fs-lg-17 brz-fss-lg-px brz-fw-lg-700 brz-ls-lg-0 brz-lh-lg-1_8 brz-tp-lg-paragraph brz-text-lg-justify brz-mb-lg-17 brz-css-koTzi\" data-generated-css=\"brz-css-yhpto\" data-uniq-id=\"xzpxy\">Der Top Magazin aus Frankfurt hat in der Sommer Ausgabe einen Bericht \u00fcber unsere Veranstaltung im Stangenberg Merck Museum ver\u00f6ffentlicht. Lesen Sie gerne unter folgendem Link die Ausgabe: <a class=\"link--external brz-cp-color1\" href=\"\/en\/www.top-magazin-frankfurt.de\/\" data-brz-link-type=\"external\" target=\"_blank\">www.top-magazin-frankfurt.de<\/a><\/p>\n<\/div>\n<\/div>\n<\/div>\n<div id=\"\" class=\"brz-css-1xdj3ge brz-css-uiiwau brz-wrapper\">\n<div class=\"brz-rich-text brz-rich-text__custom brz-css-1pbp4ve\" data-brz-custom-id=\"auljxfphzcfnetmndjncgjpniyruaucxqhsz\">\n<div data-brz-translate-text=\"1\">\n<p class=\"brz-ff-ngysesdlvlcafpzpsiwyfajbqmkdupfekagk brz-ft-upload brz-fs-lg-17 brz-fss-lg-px brz-fw-lg-700 brz-ls-lg-0 brz-lh-lg-1_8 brz-text-lg-justify brz-tp-lg-paragraph brz-css-sOcYW\" data-generated-css=\"brz-css-rrnlo\" data-uniq-id=\"kjsuy\"><span class=\"brz-cp-color2\">Die Ausstellung im Museum Stangenberg Merck in Seeheim Jugenheim l\u00e4uft bis Anfang November. Dies bietet eine herausragende Gelegenheit, unsere einzigartige Kunstausstellung zu besuchen und sich von den faszinierenden Werken inspirieren zu lassen. Wir laden Sie herzlich ein, diese Ausstellung vor der Finissage Anfang November zu genie\u00dfen und die Vielfalt der dargebotenen Kunstwerke zu erleben.<\/span><\/p>\n<\/div>\n<\/div>\n<\/div>\n<div id=\"\" class=\"brz-css-1xdj3ge brz-css-1nz8fad brz-wrapper\">\n<div class=\"brz-spacer brz-css-1y793cy brz-css-315d0i\"><\/div>\n<\/div>\n<\/div>\n<\/div>\n<div class=\"brz-columns brz-css-ry64vk brz-css-p3hnvk\" data-brz-custom-id=\"gxeovkqlfkhbtjobdxmvzeivjjvgyljcgxax\">\n<div class=\"brz-bg\">\n<div class=\"brz-bg-image\"><\/div>\n<div class=\"brz-bg-color\"><\/div>\n<\/div>\n<div class=\"brz-column__items brz-css-1e9418n brz-css-4px52m\">\n<div id=\"\" class=\"brz-css-1xdj3ge brz-wrapper\">\n<div class=\"brz-image brz-css-1htka5b\" data-brz-custom-id=\"cmewjczmnumfssfcoagrpxfbhteupyhywqdv\"><a class=\"brz-a\" href=\"\/en\/www.top-magazin-frankfurt.de\/\" target=\"_blank\" rel=\"noopener\" data-brz-link-type=\"external\"><source srcset=\"https:\/\/ninagurk.de\/wp-content\/uploads\/brizy\/imgs\/f64c9aa3-93d8-4cf3-b395-d2e17405fe85-721w-920x920x0x0x920x920x1731980583.webp 1x, https:\/\/ninagurk.de\/wp-content\/uploads\/brizy\/imgs\/f64c9aa3-93d8-4cf3-b395-d2e17405fe85-721w-1840x1840x0x0x1840x1840x1731980583.webp 2x\" media=\"(min-width: 992px)\"><source srcset=\"https:\/\/ninagurk.de\/wp-content\/uploads\/brizy\/imgs\/f64c9aa3-93d8-4cf3-b395-d2e17405fe85-721w-678x678x0x0x678x678x1731980583.webp 1x, https:\/\/ninagurk.de\/wp-content\/uploads\/brizy\/imgs\/f64c9aa3-93d8-4cf3-b395-d2e17405fe85-721w-1356x1356x0x0x1356x1356x1731980583.webp 2x\" media=\"(min-width: 768px)\"><img decoding=\"async\" class=\"brz-img\" src=\"https:\/\/ninagurk.de\/wp-content\/uploads\/brizy\/imgs\/f64c9aa3-93d8-4cf3-b395-d2e17405fe85-721w-920x920x0x0x920x920x1731980583.webp\" alt=\"\" loading=\"lazy\"><\/a><\/div>\n<\/div>\n<\/div>\n<\/div>\n<\/div>\n<\/div>\n<\/div>\n<\/div>\n<\/section>\n<\/div>\n<p>    <!-- version:1737011953 --><\/p>","protected":false},"excerpt":{"rendered":"<p>Projekte KONTAKT Sonder- ausstellung Karen Shahverdyan Beratung und Coaching von K\u00fcnstlern KONTAKT Die Pupille der Kunst Am 12.02.23 haben zwei Unternehmerinnen Nina Gurk und Salomea Rathmann ein besonderes Kunstevent f\u00fcr die Frankfurter Kunstkenner und Liebhaber im Museum Stangenberg Merck gesponsert. W\u00e4hrend des Sektempfangs konnten G\u00e4ste bei der Kunstf\u00fchrung von Herrn Dr. Roland Held tiefe Einblicke [&hellip;]<\/p>\n","protected":false},"author":2,"featured_media":0,"parent":0,"menu_order":0,"comment_status":"closed","ping_status":"closed","template":"","meta":{"iawp_total_views":150,"footnotes":""},"class_list":["post-323","page","type-page","status-publish","hentry","wpbf-post"],"brizy_media":[{"id":443,"url":"https:\/\/ninagurk.de\/wp-content\/uploads\/2023\/01\/1.png","name":"1.png","meta":{"brizy_attachment_uid":"wp-c44339ea98ab37d634a51189c6f0a606.png","brizy_post_uid":["93ab688e083238ca796d70921a294c77"]}},{"id":444,"url":"https:\/\/ninagurk.de\/wp-content\/uploads\/2023\/01\/2.png","name":"2.png","meta":{"brizy_attachment_uid":"wp-d940c706f74f9529b4a3e5234425d49e.png","brizy_post_uid":["93ab688e083238ca796d70921a294c77"]}},{"id":1330,"url":"https:\/\/ninagurk.de\/wp-content\/uploads\/2023\/10\/gurk.jpeg","name":"gurk.jpeg","meta":{"brizy_attachment_uid":"wp-66126f7b8b5e7320854e6ffefe5bc218.jpeg","brizy_post_uid":["93ab688e083238ca796d70921a294c77"]}},{"id":1331,"url":"https:\/\/ninagurk.de\/wp-content\/uploads\/2023\/10\/Aleph-Art-Gallery-240w.webp","name":"Aleph-Art-Gallery-240w.webp","meta":{"brizy_attachment_uid":"wp-24a9a20575fb9cf4af18d33fac244848.webp","brizy_post_uid":["93ab688e083238ca796d70921a294c77"]}},{"id":1336,"url":"https:\/\/ninagurk.de\/wp-content\/uploads\/2023\/10\/f64c9aa3-93d8-4cf3-b395-d2e17405fe85-721w.webp","name":"f64c9aa3-93d8-4cf3-b395-d2e17405fe85-721w.webp","meta":{"brizy_attachment_uid":"wp-5727576b7e32e86b0781b03f9cd2c2e6.webp","brizy_post_uid":["93ab688e083238ca796d70921a294c77"]}}],"_links":{"self":[{"href":"https:\/\/ninagurk.de\/en\/wp-json\/wp\/v2\/pages\/323","targetHints":{"allow":["GET"]}}],"collection":[{"href":"https:\/\/ninagurk.de\/en\/wp-json\/wp\/v2\/pages"}],"about":[{"href":"https:\/\/ninagurk.de\/en\/wp-json\/wp\/v2\/types\/page"}],"author":[{"embeddable":true,"href":"https:\/\/ninagurk.de\/en\/wp-json\/wp\/v2\/users\/2"}],"replies":[{"embeddable":true,"href":"https:\/\/ninagurk.de\/en\/wp-json\/wp\/v2\/comments?post=323"}],"version-history":[{"count":0,"href":"https:\/\/ninagurk.de\/en\/wp-json\/wp\/v2\/pages\/323\/revisions"}],"wp:attachment":[{"href":"https:\/\/ninagurk.de\/en\/wp-json\/wp\/v2\/media?parent=323"}],"curies":[{"name":"wp","href":"https:\/\/api.w.org\/{rel}","templated":true}]}}