{"id":382,"date":"2023-01-27T15:39:18","date_gmt":"2023-01-27T14:39:18","guid":{"rendered":"https:\/\/ninagurk.de\/?page_id=382"},"modified":"2026-04-07T17:35:31","modified_gmt":"2026-04-07T16:35:31","slug":"health-coaching","status":"publish","type":"page","link":"https:\/\/ninagurk.de\/en\/health-coaching\/","title":{"rendered":"Health Coaching"},"content":{"rendered":"<div class=\"brz-root__container brz-reset-all brz brz-root__container-page\">\n<section id=\"_shhirhhjdpcekatvaqmzouopvqhvvfkgitjf\" class=\"brz-section brz-css-kgnwbl brz-css-3m7r69\">\n<div class=\"brz-section__content brz-section--fullWidth brz-css-1wrv84q brz-css-1li8tqy\" data-brz-custom-id=\"zznbnmcxynibbcnhnzybjbhjxhtnjrxnyrhv\">\n<div class=\"brz-container brz-css-xup065 brz-css-lufklq\">\n<div class=\"brz-row__container brz-css-wbmyze\" data-brz-custom-id=\"zbabjzhbtvgdygwhxdtcdiiookbdkxfrqjdz\">\n<div class=\"brz-bg\"><\/div>\n<div class=\"brz-row brz-css-192tb0e brz-css-15i23ur\">\n<div class=\"brz-columns brz-css-173b4za brz-css-yzz03g\" data-brz-custom-id=\"owuzbykmkdbriorqugbtadzqmyqeoxalfxxp\">\n<div class=\"brz-bg\">\n<div class=\"brz-bg-color\"><\/div>\n<\/div>\n<div class=\"brz-column__items brz-css-1obk77z brz-css-h0k3hg\">\n<div id=\"\" class=\"brz-css-hqu4t1 brz-css-130qif9 brz-wrapper\">\n<div class=\"brz-spacer brz-css-1f2kx8g brz-css-15t9ajd\"><\/div>\n<\/div>\n<div id=\"\" class=\"brz-css-hqu4t1 brz-wrapper\">\n<div class=\"brz-rich-text brz-rich-text__custom brz-css-1ryc62u\" data-brz-custom-id=\"piqdlepghcbgvbovouippfythirewzhccoit\">\n<div data-brz-translate-text=\"1\">\n<h1 class=\"brz-text-lg-center brz-fw-xs-700 brz-fw-lg-700 brz-ff-overpass brz-ls-xs-m_1 brz-ls-lg-m_1_5 brz-fs-lg-75 brz-lh-lg-1_1 brz-lh-xs-1_1 brz-tp-sm-empty brz-fs-sm-60 brz-fss-sm-px brz-fw-sm-700 brz-ls-sm-m_1 brz-lh-sm-1_1 brz-tp-xs-empty brz-fs-xs-55 brz-fss-xs-px brz-css-hQvYH\" data-uniq-id=\"prdcy\" data-generated-css=\"brz-css-hoesk\"><span class=\"brz-cp-color8\">Health Coaching<\/span><\/h1>\n<\/div>\n<\/div>\n<\/div>\n<div class=\"brz-wrapper-clone brz-css-xq57b0\">\n<div class=\"brz-d-xs-flex brz-flex-xs-wrap brz-css-5hvqxi\" data-brz-custom-id=\"\">\n<div class=\"brz-wrapper-clone__item\" id=\"pwmafbczcpcciffshapunglnhkltfgaqaeyr\"><a class=\"brz-a brz-btn brz-css-1w01cu1 brz-css-x4olxz brz-css-gkp9d brz-css-eyrb2h\" href=\"\/en\/kontakt\/\" target=\"_self\" rel=\"noopener\" data-brz-link-type=\"external\" data-brz-custom-id=\"pwmafbczcpcciffshapunglnhkltfgaqaeyr\"><span data-brz-translate-text=\"1\" class=\"brz-span brz-text__editor\">Contact<\/span><\/a><\/div>\n<\/div>\n<\/div>\n<div id=\"\" class=\"brz-css-hqu4t1 brz-css-130qif9 brz-wrapper\">\n<div class=\"brz-spacer brz-css-1f2kx8g brz-css-m4v17n\"><\/div>\n<\/div>\n<div id=\"\" class=\"brz-css-hqu4t1 brz-css-130qif9 brz-wrapper\">\n<div class=\"brz-spacer brz-css-1f2kx8g brz-css-5wy0sx\"><\/div>\n<\/div>\n<\/div>\n<\/div>\n<\/div>\n<\/div>\n<\/div>\n<\/div>\n<\/section>\n<section id=\"_luinjefqmrdnpkpvxzwunmmqxaylsgltkzaf\" class=\"brz-section brz-css-kgnwbl\">\n<div class=\"brz-section__content brz-section--boxed brz-css-1wrv84q brz-css-132if9x\" data-brz-custom-id=\"murryeipqvffgjdcbmzlshutqckdocphfsul\">\n<div class=\"brz-bg\">\n<div class=\"brz-bg-color\"><\/div>\n<\/div>\n<div class=\"brz-container brz-css-xup065 brz-css-1d6c2fg\">\n<div id=\"\" class=\"brz-css-hqu4t1 brz-wrapper\">\n<div class=\"brz-rich-text brz-rich-text__custom brz-css-1ryc62u\" data-brz-custom-id=\"kdfqjsimjhkbbarosupcmcugitrmwefxbcco\">\n<div data-brz-translate-text=\"1\">\n<h1 class=\"brz-fss-xs-px brz-fs-xs-55 brz-tp-xs-empty brz-text-xs-left brz-lh-sm-1_1 brz-ls-sm-m_1 brz-fw-sm-700 brz-fss-sm-px brz-fs-sm-60 brz-tp-sm-empty brz-lh-lg-1_1 brz-ls-lg-m_1_5 brz-fw-lg-700 brz-fss-lg-px brz-fs-lg-55 brz-ft-upload brz-ff-ngysesdlvlcafpzpsiwyfajbqmkdupfekagk brz-tp-lg-empty brz-lh-xs-1_1 brz-ls-xs-m_1 brz-fw-xs-700 brz-text-lg-justify brz-css-iwG_m\" data-generated-css=\"brz-css-bppji\" data-uniq-id=\"fzbqj\"><span class=\"brz-cp-color1\">What is <\/span><\/h1>\n<h2 class=\"brz-fss-xs-px brz-fs-xs-55 brz-tp-xs-empty brz-text-xs-left brz-lh-sm-1_1 brz-ls-sm-m_1 brz-fw-sm-700 brz-fss-sm-px brz-fs-sm-60 brz-tp-sm-empty brz-lh-lg-1_1 brz-ls-lg-m_1_5 brz-fw-lg-700 brz-fss-lg-px brz-fs-lg-55 brz-ft-upload brz-ff-ngysesdlvlcafpzpsiwyfajbqmkdupfekagk brz-tp-lg-empty brz-lh-xs-1_1 brz-ls-xs-m_1 brz-fw-xs-700 brz-text-lg-justify brz-css-xbQHc\" data-generated-css=\"brz-css-qsiso\" data-uniq-id=\"nftnl\"><span class=\"brz-cp-color1\">Health Coaching<\/span><\/h2>\n<\/div>\n<\/div>\n<\/div>\n<div id=\"\" class=\"brz-css-hqu4t1 brz-css-1plws5p brz-wrapper\">\n<div class=\"brz-rich-text brz-rich-text__custom brz-css-1ryc62u\" data-brz-custom-id=\"jnarhvlwxjsbdwqsmascvcvvksmqorcdmnfu\">\n<div data-brz-translate-text=\"1\">\n<p class=\"brz-lh-xs-1_8 brz-ls-xs-0 brz-fw-xs-800 brz-fss-xs-px brz-fs-xs-18 brz-tp-xs-empty brz-lh-sm-1_8 brz-ls-sm-0 brz-fw-sm-800 brz-fss-sm-px brz-fs-sm-18 brz-tp-sm-empty brz-lh-lg-1_8 brz-ls-lg-0 brz-fw-lg-800 brz-fss-lg-px brz-fs-lg-19 brz-ft-upload brz-ff-ngysesdlvlcafpzpsiwyfajbqmkdupfekagk brz-tp-lg-empty brz-mt-lg-40 brz-text-lg-left brz-css-x7YeM\" data-generated-css=\"brz-css-nmint\" data-uniq-id=\"yxgtx\"><strong class=\"brz-cp-color1\">Health Coaching usually takes a holistic approach and always considers the physical, emotional and mental aspects of a personality. Once the coachee has identified the area in which he or she wants to make changes, the strategy is formed together with the coach to achieve the goals. A Health Coach does not make medical examinations, but uses a large network of physicians, welfare practical men and Fitnessstrainern. If desired, the appropriate advice and guidance is provided when visiting the medical network. <\/strong><\/p>\n<\/div>\n<\/div>\n<\/div>\n<\/div>\n<\/div>\n<\/section>\n<section id=\"_fathgidpvohlyvwqwnkladdbmlmerpinncqw\" class=\"brz-section brz-css-kgnwbl\">\n<div class=\"brz-section__content brz-section--boxed brz-css-1wrv84q brz-css-151kqd4\" data-brz-custom-id=\"islfyfxlynafnrstamdzcvocjlgtzfbrilkk\">\n<div class=\"brz-bg\">\n<div class=\"brz-bg-color\"><\/div>\n<\/div>\n<div class=\"brz-container brz-css-xup065 brz-css-dyzwk4\">\n<div id=\"\" class=\"brz-css-hqu4t1 brz-wrapper\">\n<div class=\"brz-rich-text brz-rich-text__custom brz-css-1ryc62u\" data-brz-custom-id=\"oisgmxusehjtqtgblvezcscvnuqinvnllvah\">\n<div data-brz-translate-text=\"1\">\n<h2 class=\"brz-fs-xs-55 brz-tp-xs-empty brz-lh-xs-1_1 brz-ls-xs-m_1 brz-fw-xs-700 brz-fss-xs-px brz-lh-sm-1_1 brz-ls-sm-m_1 brz-fw-sm-700 brz-fss-sm-px brz-fs-sm-60 brz-tp-sm-empty brz-text-sm-left brz-text-lg-justify brz-lh-lg-1_1 brz-ls-lg-m_1_5 brz-fw-lg-700 brz-fss-lg-px brz-tp-lg-empty brz-ff-ngysesdlvlcafpzpsiwyfajbqmkdupfekagk brz-ft-upload brz-fs-lg-55 brz-css-eHrOT\" data-uniq-id=\"bvqfy\" data-generated-css=\"brz-css-ucadx\"><span class=\"brz-cp-color2\">Target group<\/span><\/h2>\n<\/div>\n<\/div>\n<\/div>\n<div id=\"\" class=\"brz-css-hqu4t1 brz-css-o1wfrd brz-wrapper\">\n<div class=\"brz-rich-text brz-rich-text__custom brz-css-1ryc62u\" data-brz-custom-id=\"sxuhnwfmjdgexvcornezenxhvegraviqignh\">\n<div data-brz-translate-text=\"1\">\n<p class=\"brz-text-lg-left brz-mt-lg-40 brz-tp-lg-empty brz-ff-ngysesdlvlcafpzpsiwyfajbqmkdupfekagk brz-ft-upload brz-fs-lg-19 brz-fss-lg-px brz-fw-lg-800 brz-ls-lg-0 brz-lh-lg-1_8 brz-tp-sm-empty brz-fs-sm-18 brz-fss-sm-px brz-fw-sm-800 brz-ls-sm-0 brz-lh-sm-1_8 brz-tp-xs-empty brz-fs-xs-18 brz-fss-xs-px brz-fw-xs-800 brz-ls-xs-0 brz-lh-xs-1_8 brz-css-zQc2z\" data-uniq-id=\"uugcq\" data-generated-css=\"brz-css-ivyfa\"><strong class=\"brz-cp-color1\">Business owners<\/strong><strong> or <\/strong><strong class=\"brz-cp-color1\">start-ups, artists<\/strong><strong> and <\/strong><strong class=\"brz-cp-color1\">athletes<\/strong><strong> nationwide, whether in Frankfurt, Cologne, Munich, Hamburg, Berlin or Munich, or throughout the world with the right strategy and personal self-awareness and the identified personal goals the client wants to achieve in his business, the further development of a company can be achieved. <\/strong><\/p>\n<\/div>\n<\/div>\n<\/div>\n<\/div>\n<\/div>\n<\/section>\n<section id=\"_kfpstpzjfladkjycttdouwpceehhkvhchjra\" class=\"brz-section brz-css-kgnwbl\">\n<div class=\"brz-section__content brz-section--boxed brz-css-1wrv84q brz-css-1ov4fss\" data-brz-custom-id=\"dqyykomdfsucfdxnhjhyxvmwxowcnlbswpsq\">\n<div class=\"brz-bg\">\n<div class=\"brz-bg-color\"><\/div>\n<\/div>\n<div class=\"brz-container brz-css-xup065 brz-css-1y1razj\">\n<div id=\"\" class=\"brz-css-hqu4t1 brz-css-1lq4nxd brz-wrapper\">\n<div class=\"brz-rich-text brz-rich-text__custom brz-css-1ryc62u\" data-brz-custom-id=\"wqvozqxkngapodxsawylpyslsqnkpoecplpr\">\n<div data-brz-translate-text=\"1\">\n<h2 data-uniq-id=\"jccmh\" data-generated-css=\"brz-css-xdwag\" class=\"brz-lh-xs-1_1 brz-ls-xs-m_1 brz-fw-xs-700 brz-fss-xs-px brz-fs-xs-50 brz-tp-xs-empty brz-text-xs-left brz-lh-sm-1_1 brz-ls-sm-m_1 brz-fw-sm-700 brz-fss-sm-px brz-fs-sm-60 brz-tp-sm-empty brz-text-sm-left brz-lh-lg-1_1 brz-ls-lg-m_1_5 brz-fw-lg-700 brz-fss-lg-px brz-tp-lg-empty brz-ff-ngysesdlvlcafpzpsiwyfajbqmkdupfekagk brz-ft-upload brz-fs-lg-55 brz-text-lg-left brz-css-aoPgi\"><span class=\"brz-cp-color8\">In which areas does <br>Health Coaching apply?<\/span><\/h2>\n<\/div>\n<\/div>\n<\/div>\n<div id=\"\" class=\"brz-css-hqu4t1 brz-css-16xq1q4 brz-wrapper\">\n<div class=\"brz-rich-text brz-rich-text__custom brz-css-1ryc62u\" data-brz-custom-id=\"icbjbkyxsdsphkyorphpvrjreejgrmpxnxra\">\n<div data-brz-translate-text=\"1\">\n<p class=\"brz-lh-xs-1_8 brz-ls-xs-0 brz-fw-xs-800 brz-fss-xs-px brz-fs-xs-18 brz-tp-xs-empty brz-lh-sm-1_8 brz-ls-sm-0 brz-fw-sm-800 brz-fss-sm-px brz-fs-sm-18 brz-tp-sm-empty brz-lh-lg-1_8 brz-ls-lg-0 brz-fw-lg-800 brz-fss-lg-px brz-fs-lg-19 brz-ft-upload brz-ff-ngysesdlvlcafpzpsiwyfajbqmkdupfekagk brz-tp-lg-empty brz-mt-lg-40 brz-text-lg-left brz-css-xJVcS\" data-generated-css=\"brz-css-iqtgn\" data-uniq-id=\"dkqlb\"><strong class=\"brz-cp-color8\">In my strategy, Health Coaching first deals with an intact body. Only when the body is healthy, the emotional as well as the mental level can be considered. In the next step, based on Traditional Chinese Medicine, a picture of the coach is created, which illuminates the constitution of the person physically, mentally and emotionally. In addition, habits related to sleep, food, physical imbalances friendships and family also play a role. The emotional level as well as the mental level find their home in the profile. Once the personality profile is created, a strategy is created with desired goals. It concerns with the view by the Health Coach a hollistic view on the person, they are no physicians, however, make use of a network of it.<\/strong><\/p>\n<\/div>\n<\/div>\n<\/div>\n<\/div>\n<\/div>\n<\/section>\n<section id=\"_iyppoxwnsrcxkoglzshrmrwzhrsdxenjnuzj\" class=\"brz-section brz-css-kgnwbl\">\n<div class=\"brz-section__content brz-section--boxed brz-css-1wrv84q brz-css-1rp7eh0\" data-brz-custom-id=\"tehbwrcogaxornitdklcwcvcqdkruehckdtj\">\n<div class=\"brz-bg\">\n<div class=\"brz-bg-color\"><\/div>\n<\/div>\n<div class=\"brz-container brz-css-xup065 brz-css-1u1azr7\">\n<div id=\"\" class=\"brz-css-hqu4t1 brz-wrapper\">\n<div class=\"brz-rich-text brz-rich-text__custom brz-css-1ryc62u\" data-brz-custom-id=\"ziikknxbxgmkgabjxcmwikvibnmpdtamgkbx\">\n<div data-brz-translate-text=\"1\">\n<h2 class=\"brz-lh-lg-1_1 brz-ls-lg-m_1_5 brz-fw-lg-700 brz-fss-lg-px brz-tp-lg-empty brz-ff-ngysesdlvlcafpzpsiwyfajbqmkdupfekagk brz-ft-upload brz-fs-lg-55 brz-text-lg-left brz-tp-sm-empty brz-fs-sm-60 brz-fss-sm-px brz-fw-sm-700 brz-ls-sm-m_1 brz-lh-sm-1_1 brz-fss-xs-px brz-fw-xs-700 brz-ls-xs-m_1 brz-lh-xs-1_1 brz-tp-xs-empty brz-fs-xs-53 brz-css-c3u3q\" data-uniq-id=\"rukpy\" data-generated-css=\"brz-css-rxycz\"><span class=\"brz-cp-color2\">In which areas does the <\/span><\/h2>\n<h1 class=\"brz-lh-lg-1_1 brz-ls-lg-m_1_5 brz-fw-lg-700 brz-fss-lg-px brz-tp-lg-empty brz-ff-ngysesdlvlcafpzpsiwyfajbqmkdupfekagk brz-ft-upload brz-fs-lg-55 brz-text-lg-left brz-tp-sm-empty brz-fs-sm-60 brz-fss-sm-px brz-fw-sm-700 brz-ls-sm-m_1 brz-lh-sm-1_1 brz-fss-xs-px brz-fw-xs-700 brz-ls-xs-m_1 brz-lh-xs-1_1 brz-tp-xs-empty brz-fs-xs-53 brz-css-mP2ur\" data-uniq-id=\"cftll\" data-generated-css=\"brz-css-kdfvg\"><span class=\"brz-cp-color2\">Health Coach work?<\/span><\/h1>\n<\/div>\n<\/div>\n<\/div>\n<div class=\"brz-row__container brz-css-wbmyze\" data-brz-custom-id=\"crwvcosqonvxugfzikcrwqeezeznibzesbfk\">\n<div class=\"brz-bg\"><\/div>\n<div class=\"brz-row brz-css-192tb0e\">\n<div class=\"brz-columns brz-css-173b4za brz-css-3begct\" data-brz-custom-id=\"xnoerrisbojvynnhmwczbzosaglkzslpumcl\">\n<div class=\"brz-bg\"><\/div>\n<div class=\"brz-column__items brz-css-1obk77z\">\n<div id=\"\" class=\"brz-css-hqu4t1 brz-wrapper\">\n<div class=\"brz-rich-text brz-rich-text__custom brz-css-1ryc62u\" data-brz-custom-id=\"awrwzmhekrnswxadjzhiftiqqocrgsagmyxu\">\n<div data-brz-translate-text=\"1\">\n<p data-uniq-id=\"xzdpv\" data-generated-css=\"brz-css-huiti\" class=\"brz-tp-lg-empty brz-ff-ngysesdlvlcafpzpsiwyfajbqmkdupfekagk brz-ft-upload brz-fs-lg-65 brz-fss-lg-px brz-fw-lg-700 brz-ls-lg-0 brz-lh-lg-1_9 brz-css-vA5Kc\"><span class=\"brz-cp-color2\">1<\/span><\/p>\n<\/div>\n<\/div>\n<\/div>\n<\/div>\n<\/div>\n<div class=\"brz-columns brz-css-173b4za brz-css-t03eal\" data-brz-custom-id=\"gbxudnbnelhbpwsqpqtndfnnbltvhiliyqhm\">\n<div class=\"brz-bg\"><\/div>\n<div class=\"brz-column__items brz-css-1obk77z brz-css-3tpipi\">\n<div id=\"\" class=\"brz-css-hqu4t1 brz-css-1ys3lvo brz-wrapper\">\n<div class=\"brz-rich-text brz-rich-text__custom brz-css-1ryc62u\" data-brz-custom-id=\"lnamrgnmxjxsptarlcarnsohpjopqbyibvvx\">\n<div data-brz-translate-text=\"1\">\n<p class=\"brz-text-xs-left brz-lh-sm-1_7 brz-ls-sm-0 brz-fw-sm-800 brz-fss-sm-px brz-fs-sm-18 brz-tp-sm-empty brz-text-lg-justify brz-tp-lg-empty brz-mt-lg-40 brz-ff-ngysesdlvlcafpzpsiwyfajbqmkdupfekagk brz-ft-upload brz-fs-lg-19 brz-fss-lg-px brz-fw-lg-800 brz-ls-lg-0 brz-lh-lg-1_7 brz-css-l7Ks7\" data-uniq-id=\"hamiw\" data-generated-css=\"brz-css-tlidf\"><span class=\"brz-cp-color2\">creation of a hollistic analysis of body, emotions and mental life based on TCM<\/span><\/p>\n<\/div>\n<\/div>\n<\/div>\n<\/div>\n<\/div>\n<\/div>\n<\/div>\n<div class=\"brz-row__container brz-css-wbmyze\" data-brz-custom-id=\"vgaorwcmryiheodozfviybdeggufdgxirglm\">\n<div class=\"brz-bg\"><\/div>\n<div class=\"brz-row brz-css-192tb0e\">\n<div class=\"brz-columns brz-css-173b4za brz-css-16aul7\" data-brz-custom-id=\"xqcqznbzeltuqfdurbvclypkxttvgtlcpcpj\">\n<div class=\"brz-bg\"><\/div>\n<div class=\"brz-column__items brz-css-1obk77z\">\n<div id=\"\" class=\"brz-css-hqu4t1 brz-wrapper\">\n<div class=\"brz-rich-text brz-rich-text__custom brz-css-1ryc62u\" data-brz-custom-id=\"vxiobardxvkacuaknqmeypjwpfjkxyensuwp\">\n<div data-brz-translate-text=\"1\">\n<p class=\"brz-tp-lg-empty brz-ff-ngysesdlvlcafpzpsiwyfajbqmkdupfekagk brz-ft-upload brz-fs-lg-65 brz-fss-lg-px brz-fw-lg-700 brz-ls-lg-0 brz-lh-lg-1_9 brz-css-oWEku\" data-generated-css=\"brz-css-ytcem\" data-uniq-id=\"ubqhj\"><span class=\"brz-cp-color2\">2<\/span><\/p>\n<\/div>\n<\/div>\n<\/div>\n<\/div>\n<\/div>\n<div class=\"brz-columns brz-css-173b4za brz-css-8o88vv\" data-brz-custom-id=\"wbtiycvxjbdwmiwalugkvfwledtqmfcesujr\">\n<div class=\"brz-bg\"><\/div>\n<div class=\"brz-column__items brz-css-1obk77z brz-css-17fyz9u\">\n<div id=\"\" class=\"brz-css-hqu4t1 brz-css-ywhi26 brz-wrapper\">\n<div class=\"brz-rich-text brz-rich-text__custom brz-css-1ryc62u\" data-brz-custom-id=\"cgpyoaeinokvjmlgromdngnlhzmahufqjanp\">\n<div data-brz-translate-text=\"1\">\n<p class=\"brz-lh-sm-1_7 brz-ls-sm-0 brz-fw-sm-800 brz-fss-sm-px brz-fs-sm-18 brz-tp-sm-empty brz-tp-lg-empty brz-mt-lg-40 brz-ff-ngysesdlvlcafpzpsiwyfajbqmkdupfekagk brz-ft-upload brz-fs-lg-19 brz-fss-lg-px brz-fw-lg-800 brz-ls-lg-0 brz-lh-lg-1_7 brz-text-lg-left brz-css-lNWOQ\" data-uniq-id=\"ftpdq\" data-generated-css=\"brz-css-lbhjv\"><span class=\"brz-cp-color2\">creation of a strategy on the 3 levels with the corresponding coaching goals<\/span><\/p>\n<\/div>\n<\/div>\n<\/div>\n<\/div>\n<\/div>\n<\/div>\n<\/div>\n<div class=\"brz-row__container brz-css-wbmyze\" data-brz-custom-id=\"zxdlewfgwfbdsoneuxabgxdugsrwgapxmfbo\">\n<div class=\"brz-bg\"><\/div>\n<div class=\"brz-row brz-css-192tb0e\">\n<div class=\"brz-columns brz-css-173b4za brz-css-1lmi8mu\" data-brz-custom-id=\"lvynrcmsdwxffodpuldvrimivosmekvgdxgh\">\n<div class=\"brz-bg\"><\/div>\n<div class=\"brz-column__items brz-css-1obk77z\">\n<div id=\"\" class=\"brz-css-hqu4t1 brz-wrapper\">\n<div class=\"brz-rich-text brz-rich-text__custom brz-css-1ryc62u\" data-brz-custom-id=\"yokdecqbmtiofpevlrdjrsakzwyzqxeghimy\">\n<div data-brz-translate-text=\"1\">\n<p class=\"brz-tp-lg-empty brz-ff-ngysesdlvlcafpzpsiwyfajbqmkdupfekagk brz-ft-upload brz-fs-lg-65 brz-fss-lg-px brz-fw-lg-700 brz-ls-lg-0 brz-lh-lg-1_9 brz-css-plPPr\" data-generated-css=\"brz-css-ssixl\" data-uniq-id=\"uibls\"><span class=\"brz-cp-color2\">3<\/span><\/p>\n<\/div>\n<\/div>\n<\/div>\n<\/div>\n<\/div>\n<div class=\"brz-columns brz-css-173b4za brz-css-1411r3w\" data-brz-custom-id=\"pvdjyenlaostzrlviqbamhfkyvsbyucyquau\">\n<div class=\"brz-bg\"><\/div>\n<div class=\"brz-column__items brz-css-1obk77z\">\n<div id=\"\" class=\"brz-css-hqu4t1 brz-css-nlw90n brz-wrapper\">\n<div class=\"brz-rich-text brz-rich-text__custom brz-css-1ryc62u\" data-brz-custom-id=\"jlhpucumcxvckrlxvyrztpeydpudljewzzed\">\n<div data-brz-translate-text=\"1\">\n<p class=\"brz-text-xs-left brz-lh-sm-1_7 brz-ls-sm-0 brz-fw-sm-800 brz-fss-sm-px brz-fs-sm-18 brz-tp-sm-empty brz-text-lg-justify brz-tp-lg-empty brz-mt-lg-40 brz-ff-ngysesdlvlcafpzpsiwyfajbqmkdupfekagk brz-ft-upload brz-fs-lg-19 brz-fss-lg-px brz-fw-lg-800 brz-ls-lg-0 brz-lh-lg-1_7 brz-css-w3IpK\" data-uniq-id=\"owizd\" data-generated-css=\"brz-css-eqbuz\"><span class=\"brz-cp-color2\">goal should be physical vitality, which is usually accompanied by proper nutrition, lifestyle.<\/span><\/p>\n<\/div>\n<\/div>\n<\/div>\n<\/div>\n<\/div>\n<\/div>\n<\/div>\n<div class=\"brz-row__container brz-css-wbmyze\" data-brz-custom-id=\"ifgzkqmfwfzbiqernfuvgtyzzoncsofadmin\">\n<div class=\"brz-bg\"><\/div>\n<div class=\"brz-row brz-css-192tb0e\">\n<div class=\"brz-columns brz-css-173b4za brz-css-1i2e1ss\" data-brz-custom-id=\"jsarzjafeuijxxwelmkaurvtjglffldpbtcc\">\n<div class=\"brz-bg\"><\/div>\n<div class=\"brz-column__items brz-css-1obk77z\">\n<div id=\"\" class=\"brz-css-hqu4t1 brz-wrapper\">\n<div class=\"brz-rich-text brz-rich-text__custom brz-css-1ryc62u\" data-brz-custom-id=\"vzfotullvlycifoobwavlnoqgqkvksulxjhn\">\n<div data-brz-translate-text=\"1\">\n<p class=\"brz-tp-lg-empty brz-ff-ngysesdlvlcafpzpsiwyfajbqmkdupfekagk brz-ft-upload brz-fs-lg-65 brz-fss-lg-px brz-fw-lg-700 brz-ls-lg-0 brz-lh-lg-1_9 brz-css-iRHdx\" data-generated-css=\"brz-css-jatgm\" data-uniq-id=\"zsbin\"><span class=\"brz-cp-color2\">4<\/span><\/p>\n<\/div>\n<\/div>\n<\/div>\n<\/div>\n<\/div>\n<div class=\"brz-columns brz-css-173b4za brz-css-ibiiwi\" data-brz-custom-id=\"govcoppvwwtxypzyvtajksdfqyenpjccnjns\">\n<div class=\"brz-bg\"><\/div>\n<div class=\"brz-column__items brz-css-1obk77z\">\n<div id=\"\" class=\"brz-css-hqu4t1 brz-css-3qfwgj brz-wrapper\">\n<div class=\"brz-rich-text brz-rich-text__custom brz-css-1ryc62u\" data-brz-custom-id=\"svkxsdemylhwfmhroohowlbektkspzxsdryj\">\n<div data-brz-translate-text=\"1\">\n<p class=\"brz-text-xs-left brz-lh-sm-1_7 brz-ls-sm-0 brz-fw-sm-800 brz-fss-sm-px brz-fs-sm-18 brz-tp-sm-empty brz-lh-lg-1_7 brz-ls-lg-0 brz-fw-lg-800 brz-fss-lg-px brz-fs-lg-19 brz-ft-upload brz-ff-ngysesdlvlcafpzpsiwyfajbqmkdupfekagk brz-mt-lg-40 brz-tp-lg-empty brz-text-lg-justify brz-css-nt_2p\" data-generated-css=\"brz-css-thvjn\" data-uniq-id=\"capzh\"><span class=\"brz-cp-color2\">if more vitality is achieved, the \"more\" energy can be put into overcoming the emotional patterns<\/span><\/p>\n<\/div>\n<\/div>\n<\/div>\n<\/div>\n<\/div>\n<\/div>\n<\/div>\n<div class=\"brz-row__container brz-css-wbmyze\" data-brz-custom-id=\"gevcagpwtlnbbobkigdgytonrqfwvsmcbaiu\">\n<div class=\"brz-bg\"><\/div>\n<div class=\"brz-row brz-css-192tb0e\">\n<div class=\"brz-columns brz-css-173b4za brz-css-1ot4gy6\" data-brz-custom-id=\"qvryfiuprmwjdxgcyrepauilvgksmtqdpqrj\">\n<div class=\"brz-bg\"><\/div>\n<div class=\"brz-column__items brz-css-1obk77z\">\n<div id=\"\" class=\"brz-css-hqu4t1 brz-wrapper\">\n<div class=\"brz-rich-text brz-rich-text__custom brz-css-1ryc62u\" data-brz-custom-id=\"nmlrtgvzcyqfrehfofjrmquakxrilqvmahot\">\n<div data-brz-translate-text=\"1\">\n<p class=\"brz-tp-lg-empty brz-ff-ngysesdlvlcafpzpsiwyfajbqmkdupfekagk brz-ft-upload brz-fs-lg-65 brz-fss-lg-px brz-fw-lg-700 brz-ls-lg-0 brz-lh-lg-1_9 brz-css-gi5JA\" data-generated-css=\"brz-css-tnerj\" data-uniq-id=\"belnk\"><span class=\"brz-cp-color2\">5<\/span><\/p>\n<\/div>\n<\/div>\n<\/div>\n<\/div>\n<\/div>\n<div class=\"brz-columns brz-css-173b4za brz-css-1g8ysds\" data-brz-custom-id=\"hzlarskcvdaspahhovopethhekfjwcqkrlfl\">\n<div class=\"brz-bg\"><\/div>\n<div class=\"brz-column__items brz-css-1obk77z\">\n<div id=\"\" class=\"brz-css-hqu4t1 brz-css-bnq1ie brz-wrapper\">\n<div class=\"brz-rich-text brz-rich-text__custom brz-css-1ryc62u\" data-brz-custom-id=\"qmurkytlalofixtkfjtddsusjapcodigsywg\">\n<div data-brz-translate-text=\"1\">\n<p class=\"brz-text-xs-left brz-lh-sm-1_7 brz-ls-sm-0 brz-fw-sm-800 brz-fss-sm-px brz-fs-sm-18 brz-tp-sm-empty brz-text-lg-justify brz-tp-lg-empty brz-mt-lg-40 brz-ff-ngysesdlvlcafpzpsiwyfajbqmkdupfekagk brz-ft-upload brz-fs-lg-19 brz-fss-lg-px brz-fw-lg-800 brz-ls-lg-0 brz-lh-lg-1_7 brz-css-zMMY8\" data-uniq-id=\"ntnbc\" data-generated-css=\"brz-css-fddxi\"><span class=\"brz-cp-color2\">once the emotional patterns, which often accompany physical patterns, are recognized and worked on, one is usually much fitter and more vital.<\/span><\/p>\n<\/div>\n<\/div>\n<\/div>\n<\/div>\n<\/div>\n<\/div>\n<\/div>\n<div class=\"brz-row__container brz-css-wbmyze\" data-brz-custom-id=\"hvlclrsmjfumyniaobvedbotkfervggxqcdt\">\n<div class=\"brz-bg\"><\/div>\n<div class=\"brz-row brz-css-192tb0e\">\n<div class=\"brz-columns brz-css-173b4za brz-css-1ty6bwm\" data-brz-custom-id=\"ccrhkbltblshcwgytawlgbkvnbdzwbkqlnfn\">\n<div class=\"brz-bg\"><\/div>\n<div class=\"brz-column__items brz-css-1obk77z\">\n<div id=\"\" class=\"brz-css-hqu4t1 brz-wrapper\">\n<div class=\"brz-rich-text brz-rich-text__custom brz-css-1ryc62u\" data-brz-custom-id=\"sxkpgcfkbabygrkrxpsaxnjdhlbvpkfblpsy\">\n<div data-brz-translate-text=\"1\">\n<p class=\"brz-tp-lg-empty brz-ff-ngysesdlvlcafpzpsiwyfajbqmkdupfekagk brz-ft-upload brz-fs-lg-65 brz-fss-lg-px brz-fw-lg-700 brz-ls-lg-0 brz-lh-lg-1_9 brz-css-y9D5j\" data-uniq-id=\"fsgpc\" data-generated-css=\"brz-css-fhcdn\"><span class=\"brz-cp-color2\">6<\/span><\/p>\n<\/div>\n<\/div>\n<\/div>\n<\/div>\n<\/div>\n<div class=\"brz-columns brz-css-173b4za brz-css-12qlqg7\" data-brz-custom-id=\"xneaqmobqlvcorasllvymkterwmfkdkfforo\">\n<div class=\"brz-bg\"><\/div>\n<div class=\"brz-column__items brz-css-1obk77z\">\n<div id=\"\" class=\"brz-css-hqu4t1 brz-css-m3ih4a brz-wrapper\">\n<div class=\"brz-rich-text brz-rich-text__custom brz-css-1ryc62u\" data-brz-custom-id=\"tsjowltlliurbrbjdyvklhjwqwtjkeukeyms\">\n<div data-brz-translate-text=\"1\">\n<p class=\"brz-text-xs-left brz-lh-sm-1_7 brz-ls-sm-0 brz-fw-sm-800 brz-fss-sm-px brz-fs-sm-18 brz-tp-sm-empty brz-lh-lg-1_7 brz-ls-lg-0 brz-fw-lg-800 brz-fss-lg-px brz-fs-lg-19 brz-ft-upload brz-ff-ngysesdlvlcafpzpsiwyfajbqmkdupfekagk brz-mt-lg-40 brz-tp-lg-empty brz-text-lg-justify brz-css-xvx2L\" data-generated-css=\"brz-css-cpqlo\" data-uniq-id=\"bwohe\"><span class=\"brz-cp-color2\">this then leads to the discovery of mental imbalances, which often show themselves in recurring patterns. These too, if the desire is there, can be overcome and worked on and replaced with sustainable patterns.<\/span><\/p>\n<\/div>\n<\/div>\n<\/div>\n<\/div>\n<\/div>\n<\/div>\n<\/div>\n<\/div>\n<\/div>\n<\/section>\n<\/div>\n<p>    <!-- version:1737026979 --><\/p>","protected":false},"excerpt":{"rendered":"<p>Health Coaching KONTAKT Was ist Health Coaching Health Coaching geht in der Regel ganzheitlich vor und betrachtet immer die k\u00f6rperlichen, emotionalen und mentalen Aspekte einer Pers\u00f6nlichkeit. Ist einmal das auf Seiten des Coachees erkannt, in welchem Bereich Ver\u00e4nderungen angestrebt werden wollten, wird zur Erlangung der Ziele die Strategie gemeinsam mit dem Coach geformt. Ein Health [&hellip;]<\/p>\n","protected":false},"author":2,"featured_media":0,"parent":0,"menu_order":0,"comment_status":"closed","ping_status":"closed","template":"","meta":{"iawp_total_views":47,"footnotes":""},"class_list":["post-382","page","type-page","status-publish","hentry","wpbf-post"],"brizy_media":[],"_links":{"self":[{"href":"https:\/\/ninagurk.de\/en\/wp-json\/wp\/v2\/pages\/382","targetHints":{"allow":["GET"]}}],"collection":[{"href":"https:\/\/ninagurk.de\/en\/wp-json\/wp\/v2\/pages"}],"about":[{"href":"https:\/\/ninagurk.de\/en\/wp-json\/wp\/v2\/types\/page"}],"author":[{"embeddable":true,"href":"https:\/\/ninagurk.de\/en\/wp-json\/wp\/v2\/users\/2"}],"replies":[{"embeddable":true,"href":"https:\/\/ninagurk.de\/en\/wp-json\/wp\/v2\/comments?post=382"}],"version-history":[{"count":0,"href":"https:\/\/ninagurk.de\/en\/wp-json\/wp\/v2\/pages\/382\/revisions"}],"wp:attachment":[{"href":"https:\/\/ninagurk.de\/en\/wp-json\/wp\/v2\/media?parent=382"}],"curies":[{"name":"wp","href":"https:\/\/api.w.org\/{rel}","templated":true}]}}