{"id":388,"date":"2023-01-27T15:48:18","date_gmt":"2023-01-27T14:48:18","guid":{"rendered":"https:\/\/ninagurk.de\/?page_id=388"},"modified":"2026-04-06T22:19:36","modified_gmt":"2026-04-06T21:19:36","slug":"life-coaching","status":"publish","type":"page","link":"https:\/\/ninagurk.de\/en\/life-coaching\/","title":{"rendered":"Life Coaching"},"content":{"rendered":"<div class=\"brz-root__container brz-reset-all brz brz-root__container-page\">\n<section id=\"_sctwzydlcfkwcwehwuwjsjifzflcvcxlbbgt\" class=\"brz-section brz-css-1yshm3m brz-css-luuh3z\">\n<div class=\"brz-section__content brz-section--fullWidth brz-css-1a1351k brz-css-1ay6jk\" data-brz-custom-id=\"yttbaspgizhysabkspuahcoszutjcdxiiadn\">\n<div class=\"brz-container brz-css-1tjc5em brz-css-18wjer3\">\n<div class=\"brz-row__container brz-css-x98oad brz-css-1mh73er\" data-brz-custom-id=\"drywuwalrsrfztjmbiryufcuooirnzgiedcz\">\n<div class=\"brz-bg\"><\/div>\n<div class=\"brz-row brz-css-1xb4p84 brz-css-1ehidzs\">\n<div class=\"brz-columns brz-css-3f1nhq brz-css-s65d2t\" data-brz-custom-id=\"ghnhctrawipuzjjghioloqiyctdrqacjxrjo\">\n<div class=\"brz-bg\">\n<div class=\"brz-bg-color\"><\/div>\n<\/div>\n<div class=\"brz-column__items brz-css-1gbxv1x brz-css-1nlamnf\">\n<div id=\"\" class=\"brz-css-1elodd9 brz-css-qpevis brz-wrapper\">\n<div class=\"brz-spacer brz-css-44b9u1 brz-css-11px6bp\"><\/div>\n<\/div>\n<div id=\"\" class=\"brz-css-1elodd9 brz-wrapper\">\n<div class=\"brz-rich-text brz-rich-text__custom brz-css-o03wm0\" data-brz-custom-id=\"sycnpfahvlidkznfmnepcachojmqkailapoe\">\n<div data-brz-translate-text=\"1\">\n<h1 class=\"brz-text-lg-center brz-fw-xs-700 brz-fw-lg-700 brz-ff-overpass brz-ls-xs-m_1 brz-ls-lg-m_1_5 brz-fs-lg-75 brz-lh-lg-1_1 brz-lh-xs-1_1 brz-tp-sm-empty brz-fs-sm-55 brz-fss-sm-px brz-fw-sm-700 brz-ls-sm-m_1 brz-lh-sm-1_1 brz-tp-xs-empty brz-fs-xs-50 brz-fss-xs-px brz-css-qpVaL\" data-uniq-id=\"tpxyx\" data-generated-css=\"brz-css-rrjgs\"><span class=\"brz-cp-color8\">Life Coaching<\/span><\/h1>\n<\/div>\n<\/div>\n<\/div>\n<div class=\"brz-wrapper-clone brz-css-1733wnx\">\n<div class=\"brz-d-xs-flex brz-flex-xs-wrap brz-css-y02lb5\" data-brz-custom-id=\"\">\n<div class=\"brz-wrapper-clone__item\" id=\"xqzsbtvnfpxqntufmzobbnvqpdpjxsbvcaju\"><a class=\"brz-a brz-btn brz-css-ei1u1s brz-css-14mnnw4 brz-css-1o47ajo brz-css-1ky7p8w\" href=\"\/en\/kontakt\/\" target=\"_self\" rel=\"noopener\" data-brz-link-type=\"external\" data-brz-custom-id=\"xqzsbtvnfpxqntufmzobbnvqpdpjxsbvcaju\"><span data-brz-translate-text=\"1\" class=\"brz-span brz-text__editor\">Contact<\/span><\/a><\/div>\n<\/div>\n<\/div>\n<div id=\"\" class=\"brz-css-1elodd9 brz-css-qpevis brz-wrapper\">\n<div class=\"brz-spacer brz-css-44b9u1 brz-css-obbvnf\"><\/div>\n<\/div>\n<div id=\"\" class=\"brz-css-1elodd9 brz-css-qpevis brz-wrapper\">\n<div class=\"brz-spacer brz-css-44b9u1 brz-css-ewq9p\"><\/div>\n<\/div>\n<\/div>\n<\/div>\n<\/div>\n<\/div>\n<\/div>\n<\/div>\n<\/section>\n<section id=\"_upvdbpcpegxqdxqizsnoduxifzkxcjwlpqlz\" class=\"brz-section brz-css-1yshm3m\">\n<div class=\"brz-section__content brz-section--boxed brz-css-1a1351k brz-css-1vqoxwa\" data-brz-custom-id=\"gmqntpsiwtcqitbybscrcdsebpxissspiqox\">\n<div class=\"brz-bg\">\n<div class=\"brz-bg-color\"><\/div>\n<\/div>\n<div class=\"brz-container brz-css-1tjc5em brz-css-179mg6v\">\n<div id=\"\" class=\"brz-css-1elodd9 brz-wrapper\">\n<div class=\"brz-rich-text brz-rich-text__custom brz-css-o03wm0\" data-brz-custom-id=\"akynxobqczfiuitrhcoeblnfrogoavgthdpc\">\n<div data-brz-translate-text=\"1\">\n<h2 class=\"brz-tp-lg-empty brz-ff-ngysesdlvlcafpzpsiwyfajbqmkdupfekagk brz-ft-upload brz-fs-lg-55 brz-fss-lg-px brz-fw-lg-700 brz-ls-lg-m_1_5 brz-lh-lg-1_1 brz-text-lg-left brz-tp-sm-empty brz-fs-sm-60 brz-fss-sm-px brz-fw-sm-700 brz-ls-sm-m_1 brz-lh-sm-1_1 brz-fss-xs-px brz-fw-xs-700 brz-ls-xs-m_1 brz-lh-xs-1_1 brz-tp-xs-empty brz-fs-xs-48 brz-css-vBDiA\" data-uniq-id=\"bzppp\" data-generated-css=\"brz-css-juuuk\"><span class=\"brz-cp-color1\">Procedure of <\/span><\/h2>\n<h2 class=\"brz-tp-lg-empty brz-ff-ngysesdlvlcafpzpsiwyfajbqmkdupfekagk brz-ft-upload brz-fs-lg-55 brz-fss-lg-px brz-fw-lg-700 brz-ls-lg-m_1_5 brz-lh-lg-1_1 brz-text-lg-left brz-tp-sm-empty brz-fs-sm-60 brz-fss-sm-px brz-fw-sm-700 brz-ls-sm-m_1 brz-lh-sm-1_1 brz-fss-xs-px brz-fw-xs-700 brz-ls-xs-m_1 brz-lh-xs-1_1 brz-tp-xs-empty brz-fs-xs-48 brz-css-m_FAC\" data-uniq-id=\"jykcn\" data-generated-css=\"brz-css-zdlwe\"><span class=\"brz-cp-color1\">Life Coaching<\/span><\/h2>\n<\/div>\n<\/div>\n<\/div>\n<div id=\"\" class=\"brz-css-1elodd9 brz-css-4rj72i brz-wrapper\">\n<div class=\"brz-rich-text brz-rich-text__custom brz-css-o03wm0\" data-brz-custom-id=\"qkmqqcxjxvopshsakavtxyvdtxbiefksxwmb\">\n<div data-brz-translate-text=\"1\">\n<p class=\"brz-lh-xs-1_8 brz-ls-xs-0 brz-fw-xs-800 brz-fss-xs-px brz-fs-xs-18 brz-tp-xs-empty brz-lh-sm-1_8 brz-ls-sm-0 brz-fw-sm-800 brz-fss-sm-px brz-fs-sm-18 brz-tp-sm-empty brz-lh-lg-1_8 brz-ls-lg-0 brz-fw-lg-800 brz-fss-lg-px brz-fs-lg-19 brz-ft-upload brz-ff-ngysesdlvlcafpzpsiwyfajbqmkdupfekagk brz-tp-lg-empty brz-mt-lg-40 brz-text-lg-left brz-css-uSNdF\" data-generated-css=\"brz-css-tsdua\" data-uniq-id=\"xbusy\"><strong class=\"brz-cp-color1\">The most important thing in advance: The so-called chemistry between the coach and you should be right. The results depend strongly on the level of trust between coach and coachee. Once this has been defined, a detailed discussion is held to find out what the client's goals are. Usually the procedure is as follows:<\/strong><\/p>\n<\/div>\n<\/div>\n<\/div>\n<\/div>\n<\/div>\n<\/section>\n<section id=\"_rksojhlnpndsbfdfegqgnegxyphpmjdvertp\" class=\"brz-section brz-css-1yshm3m\">\n<div class=\"brz-section__content brz-section--boxed brz-css-1a1351k brz-css-13k7w6c\" data-brz-custom-id=\"nnmigtdfyzkjwlgayxpbxpejxljextwbrqqq\">\n<div class=\"brz-bg\">\n<div class=\"brz-bg-color\"><\/div>\n<\/div>\n<div class=\"brz-container brz-css-1tjc5em brz-css-1qsc4d0\">\n<div id=\"\" class=\"brz-css-1elodd9 brz-wrapper\">\n<div class=\"brz-rich-text brz-rich-text__custom brz-css-o03wm0\" data-brz-custom-id=\"jnnhjilvlzceiehqupzftcpmwhpkpybvdrsu\">\n<div data-brz-translate-text=\"1\">\n<h2 class=\"brz-fss-xs-px brz-fs-xs-50 brz-tp-xs-empty brz-lh-sm-1_1 brz-ls-sm-m_1 brz-fw-sm-700 brz-fss-sm-px brz-fs-sm-60 brz-tp-sm-empty brz-text-lg-justify brz-lh-lg-1_1 brz-ls-lg-m_1_5 brz-fw-lg-700 brz-fss-lg-px brz-fw-xs-700 brz-ls-xs-m_1 brz-lh-xs-1_1 brz-tp-lg-empty brz-ff-ngysesdlvlcafpzpsiwyfajbqmkdupfekagk brz-ft-upload brz-fs-lg-55 brz-css-vasMZ\" data-uniq-id=\"vhfhi\" data-generated-css=\"brz-css-vrgzy\"><span class=\"brz-cp-color2\">Target group<\/span><\/h2>\n<\/div>\n<\/div>\n<\/div>\n<div id=\"\" class=\"brz-css-1elodd9 brz-css-uefm81 brz-wrapper\">\n<div class=\"brz-rich-text brz-rich-text__custom brz-css-o03wm0\" data-brz-custom-id=\"ivciouhkgusnstrdphdobagrvlgmwvqgnxja\">\n<div data-brz-translate-text=\"1\">\n<p class=\"brz-lh-xs-1_8 brz-ls-xs-0 brz-fw-xs-800 brz-fss-xs-px brz-fs-xs-18 brz-tp-xs-empty brz-lh-sm-1_8 brz-ls-sm-0 brz-fw-sm-800 brz-fss-sm-px brz-fs-sm-18 brz-tp-sm-empty brz-text-lg-left brz-mt-lg-40 brz-tp-lg-empty brz-ff-ngysesdlvlcafpzpsiwyfajbqmkdupfekagk brz-ft-upload brz-fs-lg-19 brz-fss-lg-px brz-fw-lg-800 brz-ls-lg-0 brz-lh-lg-1_8 brz-css-nz57r\" data-uniq-id=\"gqrge\" data-generated-css=\"brz-css-daanb\"><strong class=\"brz-cp-color2\">Companies throughout Germany or start-ups nationwide, whether in Frankfurt, Cologne, Munich, Hamburg, Berlin, Stuttgart or Munich, with the resounding strategy companies are analyzed, a strategy is developed and the objective of further development is agreed with the customer and defined. <\/strong><\/p>\n<\/div>\n<\/div>\n<\/div>\n<\/div>\n<\/div>\n<\/section>\n<section id=\"_yraoelhfaypwygeldkdkwbkvsydwfadmkdam\" class=\"brz-section brz-css-1yshm3m\">\n<div class=\"brz-section__content brz-section--fullWidth brz-css-1a1351k brz-css-6dyxh6\" data-brz-custom-id=\"usenhnuymvwnojjusqnrebtjqamuovdjonzf\">\n<div class=\"brz-container brz-css-1tjc5em brz-css-1gc0v54\">\n<div class=\"brz-row__container brz-css-x98oad\" data-brz-custom-id=\"kcibsfjilvwztidbyqubdljtaxftshvgwmlx\">\n<div class=\"brz-bg\"><\/div>\n<div class=\"brz-row brz-css-1xb4p84 brz-css-1ehidzs\">\n<div class=\"brz-columns brz-css-3f1nhq brz-css-zk833f\" data-brz-custom-id=\"peondnsbdwtinskxkrcmlairtgwodrpffmns\">\n<div class=\"brz-bg\">\n<div class=\"brz-bg-color\"><\/div>\n<\/div>\n<div class=\"brz-column__items brz-css-1gbxv1x brz-css-jqaa9q\">\n<div id=\"\" class=\"brz-css-1elodd9 brz-wrapper\">\n<div class=\"brz-rich-text brz-rich-text__custom brz-css-o03wm0\" data-brz-custom-id=\"mqbruufucrtcnfutabrkottsbnidaxsujsfr\">\n<div data-brz-translate-text=\"1\">\n<p class=\"brz-fs-lg-45 brz-ft-upload brz-ff-ngysesdlvlcafpzpsiwyfajbqmkdupfekagk brz-tp-lg-empty brz-text-lg-left brz-mt-lg-100 brz-fss-lg-px brz-fw-lg-700 brz-ls-lg-m_1_5 brz-lh-lg-1_1 brz-mb-lg-15 brz-tp-sm-empty brz-fs-sm-60 brz-fss-sm-px brz-fw-sm-700 brz-ls-sm-m_1 brz-lh-sm-1_1 brz-mt-sm-55 brz-mb-sm-33 brz-tp-xs-empty brz-fs-xs-47 brz-fss-xs-px brz-fw-xs-700 brz-ls-xs-m_1 brz-lh-xs-1_1 brz-mt-xs-55 brz-mb-xs-33 brz-text-xs-justify brz-css-b7gj5\" data-uniq-id=\"ynrdd\" data-generated-css=\"brz-css-cmxdk\"><strong class=\"brz-cp-color8\">Identification of one's beliefs<\/strong><\/p>\n<\/div>\n<\/div>\n<\/div>\n<div id=\"\" class=\"brz-css-1elodd9 brz-css-qpevis brz-css-1np77c6 brz-wrapper\">\n<div class=\"brz-spacer brz-css-44b9u1\"><\/div>\n<\/div>\n<div id=\"\" class=\"brz-css-1elodd9 brz-css-19v5bd8 brz-wrapper\">\n<div class=\"brz-rich-text brz-rich-text__custom brz-css-o03wm0\" data-brz-custom-id=\"zjuprjpcwqqeppscgznoenesyqzwjgxbpswr\">\n<div data-brz-translate-text=\"1\">\n<p class=\"brz-lh-xs-1_8 brz-ls-xs-0 brz-fw-xs-700 brz-fss-xs-px brz-fs-xs-18 brz-tp-xs-empty brz-lh-sm-1_8 brz-ls-sm-0 brz-fw-sm-700 brz-fss-sm-px brz-fs-sm-18 brz-tp-sm-empty brz-ls-lg-0 brz-lh-lg-1_8 brz-tp-lg-empty brz-ff-ngysesdlvlcafpzpsiwyfajbqmkdupfekagk brz-ft-upload brz-fs-lg-19 brz-fss-lg-px brz-fw-lg-700 brz-css-qOzIQ\" data-generated-css=\"brz-css-aexju\" data-uniq-id=\"vtqbb\"><span class=\"brz-cp-color8\">In einem ausf\u00fchrlichen Gespr\u00e4ch werden die sogenannten begrenzenden Glaubenss\u00e4tze \u201eausfindig\u201c gemacht, welche in der Regel Erfolge und Weiterentwicklung limitieren. Erst wenn diese klar sind, k\u00f6nnen Ziele in Bezug auf die Kariere, die Beziehung oder die Gesundheit ins Auge gefasst werden.<\/span><\/p>\n<\/div>\n<\/div>\n<\/div>\n<div id=\"\" class=\"brz-css-1elodd9 brz-css-qpevis brz-wrapper\">\n<div class=\"brz-spacer brz-css-44b9u1 brz-css-848g7g\"><\/div>\n<\/div>\n<\/div>\n<\/div>\n<div class=\"brz-columns brz-css-3f1nhq brz-css-1cevsio\" data-brz-custom-id=\"rnidwegkvdtucelxbxpwkbmvnttbnqjsyefz\">\n<div class=\"brz-bg\">\n<div class=\"brz-bg-color\"><\/div>\n<\/div>\n<div class=\"brz-column__items brz-css-1gbxv1x brz-css-cpa2lq\">\n<div id=\"\" class=\"brz-css-1elodd9 brz-wrapper\">\n<div class=\"brz-rich-text brz-rich-text__custom brz-css-o03wm0\" data-brz-custom-id=\"iiourhodqmyfrhjjoufiydhbsehdsuedpmiy\">\n<div data-brz-translate-text=\"1\">\n<p class=\"brz-mb-xs-33 brz-mt-xs-55 brz-fs-lg-45 brz-ft-upload brz-ff-ngysesdlvlcafpzpsiwyfajbqmkdupfekagk brz-tp-lg-empty brz-mt-lg-100 brz-lh-xs-1_1 brz-ls-xs-m_1 brz-fw-xs-700 brz-fss-lg-px brz-fw-lg-700 brz-ls-lg-m_1_5 brz-lh-lg-1_1 brz-mb-lg-15 brz-text-lg-left brz-tp-sm-empty brz-fs-sm-60 brz-fss-sm-px brz-fw-sm-700 brz-ls-sm-m_1 brz-lh-sm-1_1 brz-mt-sm-55 brz-mb-sm-33 brz-tp-xs-empty brz-fs-xs-47 brz-fss-xs-px brz-css-dCNRx\" data-generated-css=\"brz-css-uxxgw\" data-uniq-id=\"vnsxk\"><span class=\"brz-cp-color2\">Development of new patterns<\/span><\/p>\n<\/div>\n<\/div>\n<\/div>\n<div id=\"\" class=\"brz-css-1elodd9 brz-css-qpevis brz-css-cm9qt4 brz-wrapper\">\n<div class=\"brz-spacer brz-css-44b9u1\"><\/div>\n<\/div>\n<div id=\"\" class=\"brz-css-1elodd9 brz-css-15uytec brz-wrapper\">\n<div class=\"brz-rich-text brz-rich-text__custom brz-css-o03wm0\" data-brz-custom-id=\"ndbssyepifothhbfxlbkywyveijcjusruber\">\n<div data-brz-translate-text=\"1\">\n<p class=\"brz-mb-xs-31 brz-mb-sm-72 brz-lh-sm-1_8 brz-ls-sm-0 brz-fw-sm-700 brz-fss-sm-px brz-fs-sm-18 brz-tp-sm-empty brz-ls-lg-0 brz-lh-lg-1_8 brz-tp-lg-empty brz-ff-ngysesdlvlcafpzpsiwyfajbqmkdupfekagk brz-ft-upload brz-fs-lg-19 brz-fss-lg-px brz-fw-lg-700 brz-css-m1Fxj\" data-generated-css=\"brz-css-uyzqe\" data-uniq-id=\"peddj\"><span class=\"brz-cp-color2\">Here the client works with the coach on practical examples from life of how these beliefs are \"recoded\" into new patterns. These new patterns become habitual <\/span><\/p>\n<\/div>\n<\/div>\n<\/div>\n<\/div>\n<\/div>\n<div class=\"brz-columns brz-css-3f1nhq brz-css-t527q6\" data-brz-custom-id=\"uptegqosuyuleclertqkkgdesebysrtafbjb\">\n<div class=\"brz-bg\">\n<div class=\"brz-bg-color\"><\/div>\n<\/div>\n<div class=\"brz-column__items brz-css-1gbxv1x brz-css-1vo1eji\">\n<div id=\"\" class=\"brz-css-1elodd9 brz-wrapper\">\n<div class=\"brz-rich-text brz-rich-text__custom brz-css-o03wm0\" data-brz-custom-id=\"geyyppdeuhihchaflrunkpfwqvjmeoiqgwjn\">\n<div data-brz-translate-text=\"1\">\n<p class=\"brz-mb-xs-33 brz-mt-xs-55 brz-lh-xs-1_1 brz-ls-xs-m_1 brz-fw-xs-700 brz-fss-xs-px brz-fs-xs-47 brz-tp-xs-empty brz-mb-sm-33 brz-fs-lg-45 brz-ft-upload brz-ff-ngysesdlvlcafpzpsiwyfajbqmkdupfekagk brz-tp-lg-empty brz-lh-lg-1_1 brz-ls-lg-m_1_5 brz-fw-lg-700 brz-fss-lg-px brz-mb-lg-15 brz-mt-lg-100 brz-text-lg-left brz-tp-sm-empty brz-fs-sm-60 brz-fss-sm-px brz-fw-sm-700 brz-ls-sm-m_1 brz-lh-sm-1_1 brz-mt-sm-55 brz-css-hrye6\" data-generated-css=\"brz-css-edbvs\" data-uniq-id=\"nwiqg\"><span class=\"brz-cp-color8\">Establishing new beliefs<\/span><\/p>\n<\/div>\n<\/div>\n<\/div>\n<div id=\"\" class=\"brz-css-1elodd9 brz-css-qpevis brz-css-rdcich brz-wrapper\">\n<div class=\"brz-spacer brz-css-44b9u1\"><\/div>\n<\/div>\n<div id=\"\" class=\"brz-css-1elodd9 brz-css-tuquob brz-wrapper\">\n<div class=\"brz-rich-text brz-rich-text__custom brz-css-o03wm0\" data-brz-custom-id=\"fznqhiimfmcaiqhuzthhumccwjwfypzhppka\">\n<div data-brz-translate-text=\"1\">\n<p class=\"brz-lh-sm-1_8 brz-ls-sm-0 brz-fw-sm-700 brz-fss-sm-px brz-fs-sm-18 brz-tp-sm-empty brz-ls-lg-0 brz-lh-lg-1_8 brz-tp-lg-empty brz-ff-ngysesdlvlcafpzpsiwyfajbqmkdupfekagk brz-ft-upload brz-fs-lg-19 brz-fss-lg-px brz-fw-lg-700 brz-css-lcbAB\" data-generated-css=\"brz-css-xvvll\" data-uniq-id=\"jiaxw\"><span class=\"brz-cp-color8\">The most important thing then is that these new habits really find application and become part of the personality. Only then can new goals be tackled and realized. And this is where the life coach's work moves to the next stage.<\/span><\/p>\n<p class=\"brz-ls-lg-0 brz-lh-lg-1_8 brz-tp-lg-empty brz-ff-ngysesdlvlcafpzpsiwyfajbqmkdupfekagk brz-ft-upload brz-fs-lg-19 brz-fss-lg-px brz-fw-lg-700 brz-css-smQXn\" data-generated-css=\"brz-css-rqzqr\" data-uniq-id=\"htixa\"><\/p>\n<\/div>\n<\/div>\n<\/div>\n<div id=\"\" class=\"brz-css-1elodd9 brz-css-qpevis brz-css-97wzfd brz-wrapper\">\n<div class=\"brz-spacer brz-css-44b9u1 brz-css-dlj2nq\"><\/div>\n<\/div>\n<\/div>\n<\/div>\n<\/div>\n<\/div>\n<\/div>\n<\/div>\n<\/section>\n<section id=\"_eulrqiuchcrijdpxylgnovvrysojwqrfxzwj\" class=\"brz-section brz-css-1yshm3m\">\n<div class=\"brz-section__content brz-section--boxed brz-css-1a1351k brz-css-xz8yg\" data-brz-custom-id=\"cualvkrtqwmxojutztmtzadqctrzbxoprmkb\">\n<div class=\"brz-bg\">\n<div class=\"brz-bg-color\"><\/div>\n<\/div>\n<div class=\"brz-container brz-css-1tjc5em brz-css-aw3ryt\">\n<div id=\"\" class=\"brz-css-1elodd9 brz-wrapper\">\n<div class=\"brz-rich-text brz-rich-text__custom brz-css-o03wm0\" data-brz-custom-id=\"ypoiusvkbghlmwxjzqkasyeamehpmpxzwobt\">\n<div data-brz-translate-text=\"1\">\n<h2 data-uniq-id=\"xuamq\" data-generated-css=\"brz-css-jeutx\" class=\"brz-mt-lg-18 brz-text-lg-left brz-lh-lg-1_1 brz-ls-lg-m_1_5 brz-fw-lg-700 brz-fss-lg-px brz-tp-lg-empty brz-ff-ngysesdlvlcafpzpsiwyfajbqmkdupfekagk brz-ft-upload brz-fs-lg-55 brz-tp-sm-empty brz-fs-sm-60 brz-fss-sm-px brz-fw-sm-700 brz-ls-sm-m_1 brz-lh-sm-1_1 brz-fss-xs-px brz-fw-xs-700 brz-ls-xs-m_1 brz-lh-xs-1_1 brz-tp-xs-empty brz-fs-xs-45 brz-css-qYa1_\"><span class=\"brz-cp-color2\">How long do I have to take <\/span><\/h2>\n<h1 class=\"brz-text-lg-left brz-lh-lg-1_1 brz-ls-lg-m_1_5 brz-fw-lg-700 brz-fss-lg-px brz-tp-lg-empty brz-ff-ngysesdlvlcafpzpsiwyfajbqmkdupfekagk brz-ft-upload brz-fs-lg-55 brz-tp-sm-empty brz-fs-sm-60 brz-fss-sm-px brz-fw-sm-700 brz-ls-sm-m_1 brz-lh-sm-1_1 brz-fss-xs-px brz-fw-xs-700 brz-ls-xs-m_1 brz-lh-xs-1_1 brz-tp-xs-empty brz-fs-xs-45 brz-css-zQaGE\" data-uniq-id=\"qfumm\" data-generated-css=\"brz-css-akojz\"><span class=\"brz-cp-color2\">to achieve the goals?<\/span><\/h1>\n<\/div>\n<\/div>\n<\/div>\n<div id=\"\" class=\"brz-css-1elodd9 brz-css-lplo72 brz-wrapper\">\n<div class=\"brz-rich-text brz-rich-text__custom brz-css-o03wm0\" data-brz-custom-id=\"janxrapdxxaffzajtipdbgbinfxxeapcwoww\">\n<div data-brz-translate-text=\"1\">\n<p class=\"brz-lh-xs-1_8 brz-ls-xs-0 brz-fw-xs-800 brz-fss-xs-px brz-fs-xs-18 brz-tp-xs-empty brz-lh-sm-1_8 brz-ls-sm-0 brz-fw-sm-800 brz-fss-sm-px brz-fs-sm-18 brz-tp-sm-empty brz-lh-lg-1_8 brz-ls-lg-0 brz-fw-lg-800 brz-fss-lg-px brz-fs-lg-19 brz-ft-upload brz-ff-ngysesdlvlcafpzpsiwyfajbqmkdupfekagk brz-tp-lg-empty brz-mt-lg-40 brz-text-lg-left brz-css-f9H0P\" data-generated-css=\"brz-css-zfipc\" data-uniq-id=\"npjse\"><strong class=\"brz-cp-color2\">Of course, this depends very much on the personality of the client. In general, however, coaching extends over at least a year, because mental manifestations are of course not remedied with one training session.<\/strong><\/p>\n<\/div>\n<\/div>\n<\/div>\n<\/div>\n<\/div>\n<\/section>\n<\/div>\n<p>    <!-- version:1737028906 --><\/p>","protected":false},"excerpt":{"rendered":"<p>Life Coaching KONTAKT Vorgehensweise Life Coaching Das wichtigste einmal vorab: Die sogenannte Chemie zwischen dem Coach und Dir sollte stimmen. Die Ergebnisse h\u00e4ngen stark von der Vertrauensebene ab, zwischen Coach und Coachee. Ist diese einmal definiert, wird in einem ausf\u00fchrlichen Gespr\u00e4ch eruiert, welche Ziele der Kunde verfolgt. In der Regel ist die Vorgehensweise wie folgt. [&hellip;]<\/p>\n","protected":false},"author":2,"featured_media":0,"parent":0,"menu_order":0,"comment_status":"closed","ping_status":"closed","template":"","meta":{"iawp_total_views":66,"footnotes":""},"class_list":["post-388","page","type-page","status-publish","hentry","wpbf-post"],"brizy_media":[],"_links":{"self":[{"href":"https:\/\/ninagurk.de\/en\/wp-json\/wp\/v2\/pages\/388","targetHints":{"allow":["GET"]}}],"collection":[{"href":"https:\/\/ninagurk.de\/en\/wp-json\/wp\/v2\/pages"}],"about":[{"href":"https:\/\/ninagurk.de\/en\/wp-json\/wp\/v2\/types\/page"}],"author":[{"embeddable":true,"href":"https:\/\/ninagurk.de\/en\/wp-json\/wp\/v2\/users\/2"}],"replies":[{"embeddable":true,"href":"https:\/\/ninagurk.de\/en\/wp-json\/wp\/v2\/comments?post=388"}],"version-history":[{"count":0,"href":"https:\/\/ninagurk.de\/en\/wp-json\/wp\/v2\/pages\/388\/revisions"}],"wp:attachment":[{"href":"https:\/\/ninagurk.de\/en\/wp-json\/wp\/v2\/media?parent=388"}],"curies":[{"name":"wp","href":"https:\/\/api.w.org\/{rel}","templated":true}]}}