{"id":47,"date":"2023-01-11T17:54:03","date_gmt":"2023-01-11T16:54:03","guid":{"rendered":"https:\/\/ninagurk.de\/?page_id=47"},"modified":"2026-04-07T01:20:58","modified_gmt":"2026-04-07T00:20:58","slug":"coaching","status":"publish","type":"page","link":"https:\/\/ninagurk.de\/en\/coaching\/","title":{"rendered":"Coaching"},"content":{"rendered":"<div class=\"brz-root__container brz-reset-all brz brz-root__container-page\">\n<section id=\"_jtgdmmomkbvegxpwusbsxqgzwzkwyfoynnvt\" class=\"brz-section brz-css-eo7img brz-css-hi581b\">\n<div class=\"brz-section__content brz-section--fullWidth brz-css-40owye brz-css-14la5dy\" data-brz-custom-id=\"wptcxndkvcbyxcsjeeajadyssgemmwlfbaxn\">\n<div class=\"brz-container brz-css-1x2y27y brz-css-1afiztv\">\n<div class=\"brz-row__container brz-css-1vrvm4o\" data-brz-custom-id=\"eiovxcvnmhiksnsojwlzjldohcgrnljyqvfh\">\n<div class=\"brz-bg\"><\/div>\n<div class=\"brz-row brz-css-1y22iny brz-css-169zxsx\">\n<div class=\"brz-columns brz-css-kn24ct brz-css-txjbko\" data-brz-custom-id=\"ptdptcbqlhfozgrzwipwqtkrhgadrryhcufo\">\n<div class=\"brz-bg\">\n<div class=\"brz-bg-color\"><\/div>\n<\/div>\n<div class=\"brz-column__items brz-css-j4a2du brz-css-r8cv1m\">\n<div id=\"\" class=\"brz-css-1rin5m9 brz-css-50991r brz-wrapper\">\n<div class=\"brz-spacer brz-css-ctcrba brz-css-eabywo\"><\/div>\n<\/div>\n<div id=\"\" class=\"brz-css-1rin5m9 brz-wrapper\">\n<div class=\"brz-rich-text brz-rich-text__custom brz-css-11os07p\" data-brz-custom-id=\"wnjqbhabmqxzqvuyluyjtwfwhjbfvtkofois\">\n<div data-brz-translate-text=\"1\">\n<h1 class=\"brz-text-lg-center brz-fw-lg-700 brz-ff-overpass brz-ls-lg-m_1_5 brz-fs-lg-75 brz-lh-lg-1_1 brz-tp-sm-empty brz-fs-sm-60 brz-fss-sm-px brz-fw-sm-700 brz-ls-sm-m_1 brz-lh-sm-1_1 brz-fss-xs-px brz-fw-xs-700 brz-ls-xs-m_1 brz-lh-xs-1_1 brz-tp-xs-empty brz-fs-xs-55 brz-css-jKM5s\" data-uniq-id=\"ioawj\" data-generated-css=\"brz-css-vcvym\"><span class=\"brz-cp-color8\">Business Coaching<\/span><\/h1>\n<\/div>\n<\/div>\n<\/div>\n<div id=\"\" class=\"brz-css-1rin5m9 brz-css-50991r brz-wrapper\">\n<div class=\"brz-spacer brz-css-ctcrba brz-css-t76pml\"><\/div>\n<\/div>\n<div class=\"brz-wrapper-clone brz-css-doj8wz\">\n<div class=\"brz-d-xs-flex brz-flex-xs-wrap brz-css-1g5cyy7\" data-brz-custom-id=\"\">\n<div class=\"brz-wrapper-clone__item\" id=\"ngkdkrecgsaloqoxmsigzqgzdmxphdxgppyw\"><a class=\"brz-a brz-btn brz-css-1amffxx brz-css-8rakgr brz-css-v6kpx8 brz-css-gx80co\" href=\"\/en\/kontakt\/\" target=\"_self\" rel=\"noopener\" data-brz-link-type=\"external\" data-brz-custom-id=\"ngkdkrecgsaloqoxmsigzqgzdmxphdxgppyw\"><span data-brz-translate-text=\"1\" class=\"brz-span brz-text__editor\">Contact<\/span><\/a><\/div>\n<\/div>\n<\/div>\n<div id=\"\" class=\"brz-css-1rin5m9 brz-css-50991r brz-wrapper\">\n<div class=\"brz-spacer brz-css-ctcrba brz-css-7ysszv\"><\/div>\n<\/div>\n<\/div>\n<\/div>\n<\/div>\n<\/div>\n<\/div>\n<\/div>\n<\/section>\n<section id=\"_zxtgifkrvtrcrxqmcwquwtzslurgvwdbzter\" class=\"brz-section brz-css-eo7img\">\n<div class=\"brz-section__content brz-section--boxed brz-css-40owye brz-css-8p46hv\" data-brz-custom-id=\"zbkzqrwmmuazkeonzdgbgpbvgmslqfviainp\">\n<div class=\"brz-bg\">\n<div class=\"brz-bg-color\"><\/div>\n<\/div>\n<div class=\"brz-container brz-css-1x2y27y brz-css-14kursc\">\n<div id=\"\" class=\"brz-css-1rin5m9 brz-wrapper\">\n<div class=\"brz-rich-text brz-rich-text__custom brz-css-11os07p\" data-brz-custom-id=\"drjlipwcgsecafkkieaucvnvqsrtfptlznjr\">\n<div data-brz-translate-text=\"1\">\n<h2 class=\"brz-fss-xs-px brz-fs-xs-55 brz-tp-xs-empty brz-lh-sm-1_1 brz-ls-sm-m_1 brz-fw-sm-700 brz-fss-sm-px brz-fs-sm-60 brz-tp-sm-empty brz-fw-xs-700 brz-ls-xs-m_1 brz-lh-xs-1_1 brz-tp-lg-empty brz-ff-ngysesdlvlcafpzpsiwyfajbqmkdupfekagk brz-ft-upload brz-fs-lg-55 brz-fss-lg-px brz-fw-lg-700 brz-ls-lg-m_1_5 brz-lh-lg-1_1 brz-text-lg-left brz-css-yLS_h\" data-uniq-id=\"icdrw\" data-generated-css=\"brz-css-oebyg\"><span class=\"brz-cp-color1\">What is <\/span><\/h2>\n<h1 class=\"brz-fss-xs-px brz-fs-xs-55 brz-tp-xs-empty brz-lh-sm-1_1 brz-ls-sm-m_1 brz-fw-sm-700 brz-fss-sm-px brz-fs-sm-60 brz-tp-sm-empty brz-fw-xs-700 brz-ls-xs-m_1 brz-lh-xs-1_1 brz-tp-lg-empty brz-ff-ngysesdlvlcafpzpsiwyfajbqmkdupfekagk brz-ft-upload brz-fs-lg-55 brz-fss-lg-px brz-fw-lg-700 brz-ls-lg-m_1_5 brz-lh-lg-1_1 brz-text-lg-left brz-css-lcwAM\" data-uniq-id=\"gwhpz\" data-generated-css=\"brz-css-dqekt\"><span class=\"brz-cp-color1\">Business Coaching<\/span><\/h1>\n<\/div>\n<\/div>\n<\/div>\n<div id=\"\" class=\"brz-css-1rin5m9 brz-css-129f9jm brz-wrapper\">\n<div class=\"brz-rich-text brz-rich-text__custom brz-css-11os07p\" data-brz-custom-id=\"djeiuolaloocvytbxqvraanucailmcpiybwx\">\n<div data-brz-translate-text=\"1\">\n<p class=\"brz-lh-xs-1_8 brz-ls-xs-0 brz-fw-xs-800 brz-fss-xs-px brz-fs-xs-18 brz-tp-xs-empty brz-text-xs-left brz-lh-sm-1_8 brz-ls-sm-0 brz-fw-sm-800 brz-fss-sm-px brz-fs-sm-18 brz-tp-sm-empty brz-text-sm-left brz-text-lg-justify brz-lh-lg-1_8 brz-ls-lg-0 brz-fw-lg-800 brz-fss-lg-px brz-fs-lg-19 brz-ft-upload brz-ff-ngysesdlvlcafpzpsiwyfajbqmkdupfekagk brz-tp-lg-empty brz-mt-lg-40 brz-css-qQ3t7\" data-generated-css=\"brz-css-xkeov\" data-uniq-id=\"rqrhq\"><strong class=\"brz-cp-color1\">Business coaching is a professional relationship in which a coach helps individuals or organizations  improve their performance and achieve their goals. The coach offers guidance, advice, and support, and helps the client to develop new skills, insights, and perspectives. A better self-awareness could be one of the main targets in this context. A holistic understanding  of your personality guides you directly to your skills and connects you with them so that you automatically develop new perspectives. <\/strong><\/p>\n<\/div>\n<\/div>\n<\/div>\n<\/div>\n<\/div>\n<\/section>\n<section id=\"_aijpwmtrctetvkpcyinofezwbnqzootuyijm\" class=\"brz-section brz-css-eo7img\">\n<div class=\"brz-section__content brz-section--fullWidth brz-css-40owye brz-css-1u9l9ng\" data-brz-custom-id=\"wbcdlhyszepndhuaaleettlujxflnvzymfyr\">\n<div class=\"brz-container brz-css-1x2y27y brz-css-vpglyb\">\n<div class=\"brz-row__container brz-css-1vrvm4o\" data-brz-custom-id=\"ogiidkzlhrhiitnadhzwbuqjuixjpmouneel\">\n<div class=\"brz-bg\"><\/div>\n<div class=\"brz-row brz-css-1y22iny brz-css-169zxsx\">\n<div class=\"brz-columns brz-css-kn24ct brz-css-1dq8h53\" data-brz-custom-id=\"gxihzywmztpwraukekhgdxnfruvrkvddygbr\">\n<div class=\"brz-bg\">\n<div class=\"brz-bg-color\"><\/div>\n<\/div>\n<div class=\"brz-column__items brz-css-j4a2du brz-css-1kr29pc\">\n<div id=\"\" class=\"brz-css-1rin5m9 brz-css-50991r brz-wrapper\">\n<div class=\"brz-spacer brz-css-ctcrba brz-css-1jsqd8h\"><\/div>\n<\/div>\n<div id=\"\" class=\"brz-css-1rin5m9 brz-wrapper\">\n<div class=\"brz-rich-text brz-rich-text__custom brz-css-11os07p\" data-brz-custom-id=\"tcingysfckdpqjamyymljqkmpyeaqjcxcksp\">\n<div data-brz-translate-text=\"1\">\n<h2 class=\"brz-mb-lg-15 brz-mt-lg-0 brz-lh-lg-1_1 brz-ls-lg-m_1_5 brz-fw-lg-700 brz-fss-lg-px brz-fs-lg-65 brz-ft-upload brz-ff-ngysesdlvlcafpzpsiwyfajbqmkdupfekagk brz-tp-lg-empty brz-lh-sm-1_1 brz-fs-sm-69 brz-ls-sm-m_1 brz-fw-sm-700 brz-tp-xs-empty brz-fs-xs-55 brz-fss-xs-px brz-fw-xs-700 brz-ls-xs-m_1 brz-lh-xs-1_1 brz-text-xs-left brz-mt-xs-55 brz-mb-xs-33 brz-text-lg-left brz-css-qf0k5\" data-generated-css=\"brz-css-wflbi\" data-uniq-id=\"eunwj\"><span class=\"brz-cp-color8\">Phase I<\/span><\/h2>\n<\/div>\n<\/div>\n<\/div>\n<div id=\"\" class=\"brz-css-1rin5m9 brz-css-50991r brz-css-11gkmio brz-wrapper\">\n<div class=\"brz-spacer brz-css-ctcrba brz-css-11um05z\"><\/div>\n<\/div>\n<div id=\"\" class=\"brz-css-1rin5m9 brz-css-1019szi brz-wrapper\">\n<div class=\"brz-rich-text brz-rich-text__custom brz-css-11os07p\" data-brz-custom-id=\"cykanhkfshlnmizetagypbullpzgjrbiksbi\">\n<div data-brz-translate-text=\"1\">\n<p class=\"brz-lh-xs-1_8 brz-ls-xs-0 brz-fw-xs-700 brz-fss-xs-px brz-fs-xs-18 brz-tp-xs-empty brz-fw-lg-700 brz-fss-lg-px brz-fs-lg-19 brz-ft-upload brz-ff-ngysesdlvlcafpzpsiwyfajbqmkdupfekagk brz-tp-lg-empty brz-lh-lg-1_8 brz-ls-lg-0 brz-css-dkZUU\" data-uniq-id=\"ihnrd\" data-generated-css=\"brz-css-sqtxi\"><span class=\"brz-cp-color8\">At the beginning there is a strategic interview in order to get to know the client on a physical, emotional and mental level. Based on this, the strategy will be developed. The client decides for himself which aspects he would like to take up and change. As a rule, the implementation extends to further personal meetings that take place once a week over a period of 4-6 weeks. <\/span><\/p>\n<\/div>\n<\/div>\n<\/div>\n<div id=\"\" class=\"brz-css-1rin5m9 brz-css-50991r brz-css-16pss53 brz-wrapper\">\n<div class=\"brz-spacer brz-css-ctcrba brz-css-1pc1yrk\"><\/div>\n<\/div>\n<div id=\"\" class=\"brz-css-1rin5m9 brz-css-50991r brz-wrapper\">\n<div class=\"brz-spacer brz-css-ctcrba brz-css-stvt11\"><\/div>\n<\/div>\n<\/div>\n<\/div>\n<div class=\"brz-columns brz-css-kn24ct brz-css-166hhrs\" data-brz-custom-id=\"bbgmglxaobmivhjkxwgmkxtzfvficvalxadj\">\n<div class=\"brz-bg\">\n<div class=\"brz-bg-color\"><\/div>\n<\/div>\n<div class=\"brz-column__items brz-css-j4a2du brz-css-fbsu8w\">\n<div id=\"\" class=\"brz-css-1rin5m9 brz-css-50991r brz-css-1ppog4w brz-wrapper\">\n<div class=\"brz-spacer brz-css-ctcrba brz-css-11t9xiq\"><\/div>\n<\/div>\n<div id=\"\" class=\"brz-css-1rin5m9 brz-wrapper\">\n<div class=\"brz-rich-text brz-rich-text__custom brz-css-11os07p\" data-brz-custom-id=\"iolodximnlhsgalwsihwypntvkdbfagdboyu\">\n<div data-brz-translate-text=\"1\">\n<h2 class=\"brz-mt-lg-0 brz-mb-lg-15 brz-lh-lg-1_1 brz-ls-lg-m_1_5 brz-fw-lg-700 brz-fss-lg-px brz-fs-lg-65 brz-ft-upload brz-ff-ngysesdlvlcafpzpsiwyfajbqmkdupfekagk brz-tp-lg-empty brz-fw-sm-700 brz-ls-sm-m_1 brz-fs-sm-69 brz-lh-sm-1_1 brz-tp-xs-empty brz-fs-xs-55 brz-fss-xs-px brz-fw-xs-700 brz-ls-xs-m_1 brz-lh-xs-1_1 brz-text-xs-left brz-mt-xs-55 brz-mb-xs-33 brz-text-lg-left brz-css-g8cph\" data-uniq-id=\"wizqq\" data-generated-css=\"brz-css-rfzwx\"><span class=\"brz-cp-color2\">Phase II<\/span><\/h2>\n<\/div>\n<\/div>\n<\/div>\n<div id=\"\" class=\"brz-css-1rin5m9 brz-css-50991r brz-css-18xk4nb brz-wrapper\">\n<div class=\"brz-spacer brz-css-ctcrba brz-css-1tsl5qo\"><\/div>\n<\/div>\n<div id=\"\" class=\"brz-css-1rin5m9 brz-css-1tyt02n brz-wrapper\">\n<div class=\"brz-rich-text brz-rich-text__custom brz-css-11os07p\" data-brz-custom-id=\"qwmdhrzyitmraeyomlwmxhalgnizhscftvlk\">\n<div data-brz-translate-text=\"1\">\n<p class=\"brz-ls-lg-0 brz-lh-lg-1_8 brz-tp-lg-empty brz-ff-ngysesdlvlcafpzpsiwyfajbqmkdupfekagk brz-ft-upload brz-fs-lg-19 brz-fss-lg-px brz-fw-lg-700 brz-css-jAOCG\" data-generated-css=\"brz-css-kssvm\" data-uniq-id=\"bthrd\"><span class=\"brz-cp-color2\">After the implementation of Phase I, further consulting sessions follow, which take place twice a month online or in person and can extend over a year, always based on the strategy and objectives of the client.<\/span><\/p>\n<\/div>\n<\/div>\n<\/div>\n<div id=\"\" class=\"brz-css-1rin5m9 brz-css-50991r brz-wrapper\">\n<div class=\"brz-spacer brz-css-ctcrba brz-css-17j6tjj\"><\/div>\n<\/div>\n<\/div>\n<\/div>\n<\/div>\n<\/div>\n<\/div>\n<\/div>\n<\/section>\n<section id=\"_pvpdvryyuiarecfmttqcqqwagohqpcdtmffk\" class=\"brz-section brz-css-eo7img\">\n<div class=\"brz-section__content brz-section--boxed brz-css-40owye brz-css-n7451s\" data-brz-custom-id=\"oxwhtkxkqzkutyvipeodpujgbkzomnpwjqxx\">\n<div class=\"brz-container brz-css-1x2y27y\">\n<div id=\"\" class=\"brz-css-1rin5m9 brz-wrapper\">\n<div class=\"brz-rich-text brz-rich-text__custom brz-css-11os07p\" data-brz-custom-id=\"iuehlwegcchzzxmdzkqtxysksehksqnhcwea\">\n<div data-brz-translate-text=\"1\">\n<h2 class=\"brz-lh-xs-1_1 brz-ls-xs-m_1 brz-fw-xs-700 brz-tp-lg-empty brz-ff-ngysesdlvlcafpzpsiwyfajbqmkdupfekagk brz-ft-upload brz-fs-lg-65 brz-fss-lg-px brz-fw-lg-700 brz-ls-lg-m_1_5 brz-lh-lg-1_1 brz-tp-sm-empty brz-fs-sm-60 brz-fss-sm-px brz-fw-sm-700 brz-ls-sm-m_1 brz-lh-sm-1_1 brz-tp-xs-empty brz-fs-xs-55 brz-fss-xs-px brz-text-lg-left brz-css-fOHks\" data-generated-css=\"brz-css-mowsv\" data-uniq-id=\"msijt\"><span class=\"brz-cp-color2\">Target group<\/span><\/h2>\n<\/div>\n<\/div>\n<\/div>\n<div id=\"\" class=\"brz-css-1rin5m9 brz-css-qs4tgj brz-wrapper\">\n<div class=\"brz-rich-text brz-rich-text__custom brz-css-11os07p\" data-brz-custom-id=\"qleismpzxckhlligbpdxczaabyiraxrvuvru\">\n<div data-brz-translate-text=\"1\">\n<p class=\"brz-lh-xs-1_8 brz-ls-xs-0 brz-fw-xs-800 brz-fss-xs-px brz-fs-xs-18 brz-tp-xs-empty brz-lh-sm-1_8 brz-ls-sm-0 brz-fw-sm-800 brz-fss-sm-px brz-fs-sm-18 brz-tp-sm-empty brz-text-lg-left brz-mt-lg-40 brz-tp-lg-empty brz-ff-ngysesdlvlcafpzpsiwyfajbqmkdupfekagk brz-ft-upload brz-fs-lg-19 brz-fss-lg-px brz-fw-lg-800 brz-ls-lg-0 brz-lh-lg-1_8 brz-css-bEBnC\" data-uniq-id=\"ivvtz\" data-generated-css=\"brz-css-kvwem\"><strong class=\"brz-cp-color2\">Companies throughout Germany or start-ups nationwide, whether in Frankfurt, Cologne, Munich, Hamburg, Berlin, Stuttgart or Munich, with the resounding strategy companies are analyzed, a strategy is developed and the objective of further development is agreed with the customer and defined. <\/strong><\/p>\n<\/div>\n<\/div>\n<\/div>\n<\/div>\n<\/div>\n<\/section>\n<section id=\"_zvghzzxqugycnszcptkrnpjsfqbynokhzywr\" class=\"brz-section brz-css-eo7img\">\n<div class=\"brz-section__content brz-section--boxed brz-css-40owye brz-css-hk7sli\" data-brz-custom-id=\"zbjzbjhuejjvkrkeghjjyisyzlaneqtutdwu\">\n<div class=\"brz-bg\">\n<div class=\"brz-bg-color\"><\/div>\n<\/div>\n<div class=\"brz-container brz-css-1x2y27y brz-css-9m19r1\">\n<div id=\"\" class=\"brz-css-1rin5m9 brz-wrapper\">\n<div class=\"brz-rich-text brz-rich-text__custom brz-css-11os07p\" data-brz-custom-id=\"eihhzvjtoosoewxwhephslkofeqinidhrggl\">\n<div data-brz-translate-text=\"1\">\n<h2 class=\"brz-lh-xs-1_1 brz-ls-xs-m_1 brz-fw-xs-700 brz-tp-lg-empty brz-ff-ngysesdlvlcafpzpsiwyfajbqmkdupfekagk brz-ft-upload brz-fs-lg-65 brz-fss-lg-px brz-fw-lg-700 brz-ls-lg-m_1_5 brz-lh-lg-1_1 brz-tp-sm-empty brz-fs-sm-60 brz-fss-sm-px brz-fw-sm-700 brz-ls-sm-m_1 brz-lh-sm-1_1 brz-tp-xs-empty brz-fs-xs-55 brz-fss-xs-px brz-text-lg-left brz-css-tYHku\" data-generated-css=\"brz-css-svgfw\" data-uniq-id=\"gwlno\"><span class=\"brz-cp-color8\">Goals<\/span><\/h2>\n<\/div>\n<\/div>\n<\/div>\n<div id=\"\" class=\"brz-css-1rin5m9 brz-css-xl5znz brz-wrapper\">\n<div class=\"brz-rich-text brz-rich-text__custom brz-css-11os07p\" data-brz-custom-id=\"semajxvqtimfscrtnqfyvvblprgdrsracbxf\">\n<div data-brz-translate-text=\"1\">\n<p class=\"brz-fs-xs-18 brz-tp-xs-empty brz-lh-xs-1_8 brz-ls-xs-0 brz-fw-xs-800 brz-fss-xs-px brz-lh-sm-1_7 brz-ls-sm-0 brz-fw-sm-800 brz-fss-sm-px brz-fs-sm-19 brz-tp-sm-empty brz-text-lg-left brz-lh-lg-1_8 brz-ls-lg-0 brz-fw-lg-800 brz-fss-lg-px brz-fs-lg-19 brz-ft-upload brz-ff-ngysesdlvlcafpzpsiwyfajbqmkdupfekagk brz-tp-lg-empty brz-mt-lg-40 brz-css-kC4lE\" data-generated-css=\"brz-css-wftyj\" data-uniq-id=\"drjzd\"><span class=\"brz-cp-color8\">During Phase I the personality profile is examined and through Phase II the strategies will be implemented. The client will develop goals which influence his personal development and has as well a positive effect on the economic environment of the company.<\/span><\/p>\n<\/div>\n<\/div>\n<\/div>\n<\/div>\n<\/div>\n<\/section>\n<section id=\"_qervkoyhymenbwtpujgxydzaiitikqkymyty\" class=\"brz-section brz-css-eo7img\">\n<div class=\"brz-section__content brz-section--boxed brz-css-40owye brz-css-101uk4d\" data-brz-custom-id=\"iuutbicxdzlawkbzipmzqbbmkydkeacfalfu\">\n<div class=\"brz-bg\">\n<div class=\"brz-bg-color\"><\/div>\n<\/div>\n<div class=\"brz-container brz-css-1x2y27y brz-css-86xog5\">\n<div id=\"\" class=\"brz-css-1rin5m9 brz-wrapper\">\n<div class=\"brz-rich-text brz-rich-text__custom brz-css-11os07p\" data-brz-custom-id=\"hlhgjjixsjzuixxxkniwaanqeiojqkgnynzl\">\n<div data-brz-translate-text=\"1\">\n<h2 class=\"brz-lh-xs-1_1 brz-ls-xs-m_1 brz-fw-xs-700 brz-tp-lg-empty brz-ff-ngysesdlvlcafpzpsiwyfajbqmkdupfekagk brz-ft-upload brz-fs-lg-65 brz-fss-lg-px brz-fw-lg-700 brz-ls-lg-m_1_5 brz-lh-lg-1_1 brz-tp-sm-empty brz-fs-sm-60 brz-fss-sm-px brz-fw-sm-700 brz-ls-sm-m_1 brz-lh-sm-1_1 brz-text-sm-left brz-tp-xs-empty brz-fs-xs-55 brz-fss-xs-px brz-text-lg-left brz-css-l2BDF\" data-generated-css=\"brz-css-qpbkd\" data-uniq-id=\"slema\"><span class=\"brz-cp-color2\">Benefits<\/span><\/h2>\n<\/div>\n<\/div>\n<\/div>\n<div id=\"\" class=\"brz-css-1rin5m9 brz-css-1i5ci0 brz-wrapper\">\n<div class=\"brz-rich-text brz-rich-text__custom brz-css-11os07p\" data-brz-custom-id=\"tnrdsbimrcfvyqvgpxxpgrkzaktgvxxghfkc\">\n<div data-brz-translate-text=\"1\">\n<p class=\"brz-lh-xs-1_8 brz-ls-xs-0 brz-fw-xs-800 brz-fss-xs-px brz-fs-xs-18 brz-tp-xs-empty brz-lh-sm-1_8 brz-ls-sm-0 brz-fw-sm-800 brz-fss-sm-px brz-fs-sm-18 brz-tp-sm-empty brz-lh-lg-1_8 brz-ls-lg-0 brz-fw-lg-800 brz-fss-lg-px brz-fs-lg-19 brz-ft-upload brz-ff-ngysesdlvlcafpzpsiwyfajbqmkdupfekagk brz-tp-lg-empty brz-mt-lg-40 brz-text-lg-left brz-css-b23ct\" data-generated-css=\"brz-css-gcvjw\" data-uniq-id=\"sdpxb\"><strong class=\"brz-cp-color2\">If entrepreneur, owner or manager of a company, politician, athlete or artists \u2026. for all exists the same guideline: self-awareness opens the eye to have a better understanding of your needs and can enhance the vitality of the customer. More energy and vitality could be used to fulfill the following goals:<\/strong><\/p>\n<\/div>\n<\/div>\n<\/div>\n<\/div>\n<\/div>\n<\/section>\n<section id=\"_zzcqdcoynvnilowfvhilmbfwsemsyroscnjf\" class=\"brz-section brz-css-eo7img\">\n<div class=\"brz-section__content brz-section--fullWidth brz-css-40owye brz-css-17px8lg\" data-brz-custom-id=\"qoeqvofiexdumrjcvgdsvrkkdzligwjxnkop\">\n<div class=\"brz-container brz-css-1x2y27y brz-css-1ra8zq6\">\n<div class=\"brz-row__container brz-css-1vrvm4o\" data-brz-custom-id=\"kjpvrobpmtpbytverxskzdojkmhwantoahoy\">\n<div class=\"brz-bg\"><\/div>\n<div class=\"brz-row brz-css-1y22iny brz-css-169zxsx\">\n<div class=\"brz-columns brz-css-kn24ct brz-css-1oui8p2\" data-brz-custom-id=\"yvalhkakqksreogsrywslteyodfrcjctrluv\">\n<div class=\"brz-bg\">\n<div class=\"brz-bg-color\"><\/div>\n<\/div>\n<div class=\"brz-column__items brz-css-j4a2du brz-css-1f8o9hl\">\n<div id=\"\" class=\"brz-css-1rin5m9 brz-wrapper\">\n<div class=\"brz-rich-text brz-rich-text__custom brz-css-11os07p\" data-brz-custom-id=\"gseostarlucythzklaozgobcfzfeowirhyhi\">\n<div data-brz-translate-text=\"1\">\n<p class=\"brz-mb-xs-33 brz-mt-xs-55 brz-lh-xs-1_1 brz-ls-xs-m_1 brz-fw-xs-700 brz-fss-xs-px brz-fs-xs-55 brz-tp-xs-empty brz-text-xs-left brz-mb-sm-33 brz-mt-sm-55 brz-text-sm-left brz-lh-sm-1_1 brz-ls-sm-m_1 brz-fw-sm-700 brz-fss-sm-px brz-fs-sm-60 brz-tp-sm-empty brz-fs-lg-55 brz-ft-upload brz-ff-ngysesdlvlcafpzpsiwyfajbqmkdupfekagk brz-tp-lg-empty brz-lh-lg-1_1 brz-ls-lg-m_1_5 brz-fw-lg-700 brz-fss-lg-px brz-mt-lg-100 brz-mb-lg-0 brz-text-lg-left brz-css-fZlHL\" data-generated-css=\"brz-css-umrrz\" data-uniq-id=\"qcrbc\"><strong class=\"brz-cp-color8\">Leadership<\/strong><\/p>\n<\/div>\n<\/div>\n<\/div>\n<div id=\"\" class=\"brz-css-1rin5m9 brz-css-50991r brz-css-15eqxvf brz-wrapper\">\n<div class=\"brz-spacer brz-css-ctcrba brz-css-1yi8pi8\"><\/div>\n<\/div>\n<div id=\"\" class=\"brz-css-1rin5m9 brz-css-6wn4lj brz-wrapper\">\n<div class=\"brz-rich-text brz-rich-text__custom brz-css-11os07p\" data-brz-custom-id=\"kmwxdjfoisascnydvyiqyeojgciseyivrhmr\">\n<div data-brz-translate-text=\"1\">\n<p class=\"brz-lh-xs-1_8 brz-ls-xs-0 brz-fw-xs-700 brz-fss-xs-px brz-fs-xs-18 brz-tp-xs-empty brz-lh-sm-1_8 brz-ls-sm-0 brz-fw-sm-700 brz-fss-sm-px brz-fs-sm-18 brz-tp-sm-empty brz-ls-lg-0 brz-lh-lg-1_8 brz-tp-lg-empty brz-ff-ngysesdlvlcafpzpsiwyfajbqmkdupfekagk brz-ft-upload brz-fs-lg-19 brz-fss-lg-px brz-fw-lg-700 brz-css-d49OE\" data-generated-css=\"brz-css-ntser\" data-uniq-id=\"gngxr\"><span class=\"brz-cp-color8\">Effective leadership is essential for any business. The acquisition of these skills are taught in the trainings. The use of these in the right keyboard are then the art of the owner, entrepreneur, leader or top athlete, supported by coaching. Only then is the leadership style also effective, significantly through clear decisions.<\/span><\/p>\n<\/div>\n<\/div>\n<\/div>\n<div id=\"\" class=\"brz-css-1rin5m9 brz-css-50991r brz-wrapper\">\n<div class=\"brz-spacer brz-css-ctcrba brz-css-izqxm7\"><\/div>\n<\/div>\n<\/div>\n<\/div>\n<div class=\"brz-columns brz-css-kn24ct brz-css-7jrtgy\" data-brz-custom-id=\"hovdyvnmkfwhjyzlumlzugmogshmalykayhd\">\n<div class=\"brz-bg\">\n<div class=\"brz-bg-color\"><\/div>\n<\/div>\n<div class=\"brz-column__items brz-css-j4a2du brz-css-l390n5\">\n<div id=\"\" class=\"brz-css-1rin5m9 brz-css-14vx5cv brz-wrapper\">\n<div class=\"brz-rich-text brz-rich-text__custom brz-css-11os07p\" data-brz-custom-id=\"epgeeveefqehsygolkiobdoblfnhaiawndgm\">\n<div data-brz-translate-text=\"1\">\n<p class=\"brz-text-lg-left brz-mb-xs-33 brz-mt-xs-55 brz-text-xs-left brz-lh-xs-1_1 brz-ls-xs-m_1 brz-fw-xs-700 brz-fss-xs-px brz-fs-xs-55 brz-tp-xs-empty brz-mb-sm-33 brz-mt-sm-55 brz-text-sm-left brz-lh-sm-1_1 brz-ls-sm-m_1 brz-fw-sm-700 brz-fss-sm-px brz-fs-sm-60 brz-tp-sm-empty brz-mt-lg-100 brz-fss-lg-px brz-fw-lg-700 brz-ls-lg-m_1_5 brz-lh-lg-1_1 brz-mb-lg-15 brz-tp-lg-empty brz-ff-ngysesdlvlcafpzpsiwyfajbqmkdupfekagk brz-ft-upload brz-fs-lg-55 brz-css-h9pE6\" data-generated-css=\"brz-css-yowah\" data-uniq-id=\"pdsgj\"><span class=\"brz-cp-color2\">Increase in turnover<\/span><\/p>\n<\/div>\n<\/div>\n<\/div>\n<div id=\"\" class=\"brz-css-1rin5m9 brz-css-50991r brz-css-vkqhks brz-wrapper\">\n<div class=\"brz-spacer brz-css-ctcrba brz-css-7mw7r3\"><\/div>\n<\/div>\n<div id=\"\" class=\"brz-css-1rin5m9 brz-css-yc4s2z brz-wrapper\">\n<div class=\"brz-rich-text brz-rich-text__custom brz-css-11os07p\" data-brz-custom-id=\"retlargxofojzitxmbjrnuenogqtuuqkokzx\">\n<div data-brz-translate-text=\"1\">\n<p class=\"brz-mb-xs-43 brz-lh-xs-1_8 brz-ls-xs-0 brz-fw-xs-700 brz-fss-xs-px brz-fs-xs-18 brz-tp-xs-empty brz-mb-sm-60 brz-ls-lg-0 brz-lh-lg-1_8 brz-tp-lg-empty brz-ff-ngysesdlvlcafpzpsiwyfajbqmkdupfekagk brz-ft-upload brz-fs-lg-19 brz-fss-lg-px brz-fw-lg-700 brz-css-bUF_z\" data-generated-css=\"brz-css-ialaa\" data-uniq-id=\"scocv\"><span class=\"brz-cp-color2\">Learning an effective leadership style leads to clear, often faster and successful decisions in business, which then inevitably contribute to a successful management. Learning the Key Factors, such as costs, market environment, consumer and economic changes.<\/span><\/p>\n<\/div>\n<\/div>\n<\/div>\n<\/div>\n<\/div>\n<div class=\"brz-columns brz-css-kn24ct brz-css-17r81qc\" data-brz-custom-id=\"cxdmingwcoenwviehppblvqhhvjxoxzpmcqz\">\n<div class=\"brz-bg\">\n<div class=\"brz-bg-color\"><\/div>\n<\/div>\n<div class=\"brz-column__items brz-css-j4a2du brz-css-5znq8x\">\n<div id=\"\" class=\"brz-css-1rin5m9 brz-wrapper\">\n<div class=\"brz-rich-text brz-rich-text__custom brz-css-11os07p\" data-brz-custom-id=\"pciyftjchsdynggsfuzphdadkzfukcdvdamt\">\n<div data-brz-translate-text=\"1\">\n<p class=\"brz-fw-sm-700 brz-ls-sm-m_1 brz-fs-sm-69 brz-lh-sm-1_1 brz-mb-lg-15 brz-tp-lg-empty brz-ff-ngysesdlvlcafpzpsiwyfajbqmkdupfekagk brz-ft-upload brz-fs-lg-55 brz-fss-lg-px brz-fw-lg-700 brz-ls-lg-m_1_5 brz-lh-lg-1 brz-text-sm-left brz-mt-sm-55 brz-mb-sm-33 brz-mt-lg-100 brz-tp-xs-empty brz-fs-xs-55 brz-fss-xs-px brz-fw-xs-700 brz-ls-xs-m_1 brz-lh-xs-1_1 brz-text-xs-left brz-mt-xs-55 brz-mb-xs-33 brz-text-lg-left brz-css-gTKf_\" data-uniq-id=\"xjfln\" data-generated-css=\"brz-css-buxnp\"><span class=\"brz-cp-color8\">To be successful<\/span><\/p>\n<\/div>\n<\/div>\n<\/div>\n<div id=\"\" class=\"brz-css-1rin5m9 brz-css-50991r brz-css-ajiodd brz-wrapper\">\n<div class=\"brz-spacer brz-css-ctcrba brz-css-18bfp86\"><\/div>\n<\/div>\n<div id=\"\" class=\"brz-css-1rin5m9 brz-css-397b2z brz-wrapper\">\n<div class=\"brz-rich-text brz-rich-text__custom brz-css-11os07p\" data-brz-custom-id=\"dvayyliusmepcogcpdqrelegbddgidxxchok\">\n<div data-brz-translate-text=\"1\">\n<p class=\"brz-lh-xs-1_8 brz-ls-xs-0 brz-fw-xs-700 brz-fss-xs-px brz-fs-xs-18 brz-tp-xs-empty brz-ls-lg-0 brz-lh-lg-1_8 brz-tp-lg-empty brz-ff-ngysesdlvlcafpzpsiwyfajbqmkdupfekagk brz-ft-upload brz-fs-lg-19 brz-fss-lg-px brz-fw-lg-700 brz-css-lKxmE\" data-generated-css=\"brz-css-slugy\" data-uniq-id=\"ebqjb\"><span class=\"brz-cp-color8\">Leaders must always be prepared for the unexpected and always align themselves with the latest developments in the markets and the economy at all times. These skills are the most valuable and can be applied to business challenges as well as private ones.<\/span><\/p>\n<\/div>\n<\/div>\n<\/div>\n<div id=\"\" class=\"brz-css-1rin5m9 brz-css-50991r brz-wrapper\">\n<div class=\"brz-spacer brz-css-ctcrba brz-css-10302uq\"><\/div>\n<\/div>\n<\/div>\n<\/div>\n<\/div>\n<\/div>\n<\/div>\n<\/div>\n<\/section>\n<\/div>\n<p>    <!-- version:1736987208 --><\/p>","protected":false},"excerpt":{"rendered":"<p>Business Coaching KONTAKT Was bedeutet Business Coaching Business Coaching verschafft mit der ganzheitlich auf die Person abgestimmte Strategie nachhaltige Erfolge und spricht immer den K\u00f6rper, die Emotionen und den Geist an. Das Ziel sollte Selbsterkenntnis und Hilfe auf dem Weg zu sich selbst sein. Erst durch das ganzheitliche Erfassen der eigenen Pers\u00f6nlichkeit k\u00f6nnen die F\u00e4higkeiten [&hellip;]<\/p>\n","protected":false},"author":2,"featured_media":0,"parent":0,"menu_order":0,"comment_status":"closed","ping_status":"closed","template":"","meta":{"iawp_total_views":94,"footnotes":""},"class_list":["post-47","page","type-page","status-publish","hentry","wpbf-post"],"brizy_media":[],"_links":{"self":[{"href":"https:\/\/ninagurk.de\/en\/wp-json\/wp\/v2\/pages\/47","targetHints":{"allow":["GET"]}}],"collection":[{"href":"https:\/\/ninagurk.de\/en\/wp-json\/wp\/v2\/pages"}],"about":[{"href":"https:\/\/ninagurk.de\/en\/wp-json\/wp\/v2\/types\/page"}],"author":[{"embeddable":true,"href":"https:\/\/ninagurk.de\/en\/wp-json\/wp\/v2\/users\/2"}],"replies":[{"embeddable":true,"href":"https:\/\/ninagurk.de\/en\/wp-json\/wp\/v2\/comments?post=47"}],"version-history":[{"count":0,"href":"https:\/\/ninagurk.de\/en\/wp-json\/wp\/v2\/pages\/47\/revisions"}],"wp:attachment":[{"href":"https:\/\/ninagurk.de\/en\/wp-json\/wp\/v2\/media?parent=47"}],"curies":[{"name":"wp","href":"https:\/\/api.w.org\/{rel}","templated":true}]}}