{"id":48,"date":"2023-01-11T17:54:18","date_gmt":"2023-01-11T16:54:18","guid":{"rendered":"https:\/\/ninagurk.de\/?page_id=48"},"modified":"2026-04-07T00:08:54","modified_gmt":"2026-04-06T23:08:54","slug":"ueber-mich","status":"publish","type":"page","link":"https:\/\/ninagurk.de\/en\/ueber-mich\/","title":{"rendered":"About Me"},"content":{"rendered":"<div class=\"brz-root__container brz-reset-all brz brz-root__container-page\">\n<section id=\"_xeffhrnfcfdpszquoeydpkutqpbxoyytszed\" class=\"brz-section brz-css-1xdq6rf\">\n<div class=\"brz-section__content brz-section--fullWidth brz-css-1c7kqrd brz-css-12cssrx\" data-brz-custom-id=\"kmpwwqumjwdnmxffunewksuynlraemxcdkbz\">\n<div class=\"brz-bg\">\n<div class=\"brz-bg-color\"><\/div>\n<\/div>\n<div class=\"brz-container brz-css-ndeuj0 brz-css-4hqnmt\">\n<div class=\"brz-row__container brz-css-5fpp87\" data-brz-custom-id=\"qgxtuepgohaoyhhxewngyilgtmtjaftuquck\">\n<div class=\"brz-bg\"><\/div>\n<div class=\"brz-row brz-css-6k2rh brz-css-7plux1\">\n<div class=\"brz-columns brz-css-wxw2s3 brz-css-16rr0od\" data-brz-custom-id=\"kppoumfemkxqeafubsvfyussrlwvjjfjwpwe\">\n<div class=\"brz-bg\">\n<div class=\"brz-bg-image\"><\/div>\n<div class=\"brz-bg-color\"><\/div>\n<\/div>\n<div class=\"brz-column__items brz-css-1dg7kpp brz-css-11zzzua\">\n<div id=\"\" class=\"brz-css-x141tu brz-css-1duv0rz brz-wrapper\">\n<div class=\"brz-spacer brz-css-1bbamqk brz-css-1359xf2\"><\/div>\n<\/div>\n<\/div>\n<\/div>\n<div class=\"brz-columns brz-css-wxw2s3 brz-css-mie3ek\" data-brz-custom-id=\"mrflayywhsodggxxaumwichlssgepeegivvr\">\n<div class=\"brz-bg\">\n<div class=\"brz-bg-color\"><\/div>\n<\/div>\n<div class=\"brz-column__items brz-css-1dg7kpp brz-css-2wctuk\">\n<div id=\"\" class=\"brz-css-x141tu brz-css-143l4t2 brz-wrapper\">\n<div class=\"brz-rich-text brz-rich-text__custom brz-css-v7susn\" data-brz-custom-id=\"kjyjeaindsggixjoquswnikkweodzevezpce\">\n<div data-brz-translate-text=\"1\">\n<h1 class=\"brz-fw-lg-700 brz-ff-overpass brz-ls-lg-m_1_5 brz-fs-lg-75 brz-lh-lg-1_1 brz-mb-lg-24 brz-tp-sm-empty brz-fs-sm-65 brz-fss-sm-px brz-fw-sm-700 brz-ls-sm-m_1 brz-lh-sm-1 brz-fss-xs-px brz-fw-xs-700 brz-ls-xs-m_1 brz-lh-xs-1 brz-tp-xs-empty brz-fs-xs-50 brz-css-fbyA5\" data-uniq-id=\"drwxg\" data-generated-css=\"brz-css-hazbz\"><span class=\"brz-cp-color2\">About me<\/span><\/h1>\n<\/div>\n<\/div>\n<\/div>\n<div id=\"\" class=\"brz-css-x141tu brz-css-14ouynx brz-wrapper\">\n<div class=\"brz-rich-text brz-rich-text__custom brz-css-v7susn\" data-brz-custom-id=\"iwpbefebtrrzzemaxulxxdshyilulmpdhvyc\">\n<div data-brz-translate-text=\"1\">\n<p class=\"brz-tp-lg-empty brz-ff-ngysesdlvlcafpzpsiwyfajbqmkdupfekagk brz-ft-upload brz-fs-lg-18 brz-fss-lg-px brz-fw-lg-400 brz-ls-lg-0 brz-lh-lg-1_8 brz-fss-sm-px brz-fw-sm-400 brz-ls-sm-0 brz-lh-sm-1_8 brz-tp-sm-empty brz-fs-sm-16 brz-css-bdQvg translation-block\" data-generated-css=\"brz-css-dbRp9\" data-uniq-id=\"hg0BS\">Nina Gurk has been an entrepreneur since 1997 and implements her experience of 25 years in the consulting industry, specialised in the luxury and up-market segment, into her new job. She was previously employed as CEO at one of the leading firms in the field of consulting and advisory in the sector of marketing, sales, corporate development business management.<\/p>\n<p class=\"brz-tp-lg-empty brz-ff-ngysesdlvlcafpzpsiwyfajbqmkdupfekagk brz-ft-upload brz-fs-lg-18 brz-fss-lg-px brz-fw-lg-400 brz-ls-lg-0 brz-lh-lg-1_8 brz-fss-sm-px brz-fw-sm-400 brz-ls-sm-0 brz-lh-sm-1_8 brz-tp-sm-empty brz-fs-sm-16 brz-css-u0kg2\" data-generated-css=\"brz-css-kiuhi\" data-uniq-id=\"fYk2U\"><span> <\/span><\/p>\n<p class=\"brz-tp-lg-empty brz-ff-ngysesdlvlcafpzpsiwyfajbqmkdupfekagk brz-ft-upload brz-fs-lg-18 brz-fss-lg-px brz-fw-lg-400 brz-ls-lg-0 brz-lh-lg-1_8 brz-fss-sm-px brz-fw-sm-400 brz-ls-sm-0 brz-lh-sm-1_8 brz-tp-sm-empty brz-fs-sm-16 brz-css-gfqSf translation-block\" data-generated-css=\"brz-css-cHB3y\" data-uniq-id=\"rtLpY\">The supervision of more than 14.000 national and international projects, based on her know how through an MBA in Financing, combined with an empathetic ability for the respective target group especially in difficult situations are her passion and have helped many deals to be successful. Longer stays abroad in Dubai, France and China then led her to study Traditional Chinese Medicine in China, giving another view on the processes in the company, especially on the sustainable human factor which distinguish a healthy business environment.<\/p>\n<\/div>\n<\/div>\n<\/div>\n<div id=\"\" class=\"brz-css-x141tu brz-css-1duv0rz brz-wrapper\">\n<div class=\"brz-spacer brz-css-1bbamqk brz-css-h72m09\"><\/div>\n<\/div>\n<div id=\"\" class=\"brz-css-x141tu brz-wrapper\">\n<div class=\"brz-icon-text brz-css-1wxn67h\" data-brz-custom-id=\"hzjeksggekcvmpgmsgdcujrlpyjsgtrloqlo\">\n<div class=\"brz-icon__container\" data-brz-custom-id=\"quekvyylargyxmmexpmyhqgslafqgsxwwosg\"><span class=\"brz-icon brz-span brz-css-18lffh3 brz-css-20s1d9\"><\/span><\/div>\n<div class=\"brz-text-btn\">\n<div class=\"brz-rich-text brz-rich-text__custom brz-css-v7susn\" data-brz-custom-id=\"mhhyiczeghowvioecmztvphpfqjqixdbicxw\">\n<div data-brz-translate-text=\"1\">\n<p class=\"brz-tp-lg-paragraph brz-css-oLYu3\" data-generated-css=\"brz-css-hnlnk\" data-uniq-id=\"hhlad\"><a class=\"link--external brz-cp-color2\" href=\"\/en\/kontakt\/\" data-brz-link-type=\"external\">Contact<\/a><\/p>\n<\/div>\n<\/div>\n<\/div>\n<\/div>\n<\/div>\n<\/div>\n<\/div>\n<\/div>\n<\/div>\n<\/div>\n<\/div>\n<\/section>\n<\/div>\n<p>    <!-- version:1736987191 --><\/p>","protected":false},"excerpt":{"rendered":"<p>\u00dcber Mich Nina Gurk ist seit 1997 unternehmerisch t\u00e4tig und bringt ihre 25-j\u00e4hrige Erfahrung in der Beratung von Firmen im Up-Market Segement in Ihre neue T\u00e4tigkeit ein. Sie war zuvor als CEO bei einer der f\u00fchrenden Firmen im Bereich Consulting und Beratung im Bereich Marketing, Vertrieb, Unternehmensentwicklung und Unternehmensf\u00fchrung besch\u00e4ftigt. Die Betreuung von \u00fcber 14.000 [&hellip;]<\/p>\n","protected":false},"author":2,"featured_media":0,"parent":0,"menu_order":0,"comment_status":"closed","ping_status":"closed","template":"","meta":{"iawp_total_views":362,"footnotes":""},"class_list":["post-48","page","type-page","status-publish","hentry","wpbf-post"],"brizy_media":[{"id":422,"url":"https:\/\/ninagurk.de\/wp-content\/uploads\/2023\/01\/IMG_BAD05A4F6572-1-1-scaled.jpeg","name":"IMG_BAD05A4F6572-1-1.jpeg","meta":{"brizy_attachment_uid":"wp-d497bcddcfd00e1a2149c7a398444ddc.jpeg","brizy_post_uid":["12a28bad50ef0278e42c7b21c03efd35"]}},{"id":427,"url":"https:\/\/ninagurk.de\/wp-content\/uploads\/2023\/01\/IMG_BAD05A4F6572-1-4-scaled.jpeg","name":"IMG_BAD05A4F6572-1-4.jpeg","meta":{"brizy_attachment_uid":"wp-709c124c31f51f92180be4dd06486b1e.jpeg","brizy_post_uid":["12a28bad50ef0278e42c7b21c03efd35"]}},{"id":428,"url":"https:\/\/ninagurk.de\/wp-content\/uploads\/2023\/01\/IMG_BAD05A4F6572-1-Kopie.jpeg","name":"IMG_BAD05A4F6572-1-Kopie.jpeg","meta":{"brizy_attachment_uid":"wp-e3cc71cf0b70d95eb7ee32b551154c4c.jpeg","brizy_post_uid":["12a28bad50ef0278e42c7b21c03efd35"]}}],"_links":{"self":[{"href":"https:\/\/ninagurk.de\/en\/wp-json\/wp\/v2\/pages\/48","targetHints":{"allow":["GET"]}}],"collection":[{"href":"https:\/\/ninagurk.de\/en\/wp-json\/wp\/v2\/pages"}],"about":[{"href":"https:\/\/ninagurk.de\/en\/wp-json\/wp\/v2\/types\/page"}],"author":[{"embeddable":true,"href":"https:\/\/ninagurk.de\/en\/wp-json\/wp\/v2\/users\/2"}],"replies":[{"embeddable":true,"href":"https:\/\/ninagurk.de\/en\/wp-json\/wp\/v2\/comments?post=48"}],"version-history":[{"count":0,"href":"https:\/\/ninagurk.de\/en\/wp-json\/wp\/v2\/pages\/48\/revisions"}],"wp:attachment":[{"href":"https:\/\/ninagurk.de\/en\/wp-json\/wp\/v2\/media?parent=48"}],"curies":[{"name":"wp","href":"https:\/\/api.w.org\/{rel}","templated":true}]}}